{"id":1798,"date":"2010-12-22T14:02:43","date_gmt":"2010-12-22T13:02:43","guid":{"rendered":"http:\/\/dp-freunde.de\/comm\/"},"modified":"2025-07-02T20:12:41","modified_gmt":"2025-07-02T18:12:41","slug":"mitglied-werden","status":"publish","type":"page","link":"https:\/\/dp-freunde.de\/comm\/mitglied-werden\/","title":{"rendered":"Mitglied werden"},"content":{"rendered":"<p>[pdf-embedder url=&#8220;https:\/\/dp-freunde.de\/comm\/wp-content\/uploads\/2018\/07\/DPF_Flyer_Mitgliedschaft.pdf&#8220;]<\/p>\n<p><strong>Achtung: Der Mitgliedsbeitrag ist nun 2,50 EUR\/Monat f\u00fcr Erwachsene\/Jugendliche und 0,75 EUR f\u00fcr Kinder. (Die PDF Dateien werden momentan aktualisiert.)<\/strong><\/p>\n<p>Unten finden Sie ein Online-Formular, um \u00fcber die Website eine Mitgliedschaft zu beantragen.<\/p>\n<p><a href=\"https:\/\/dp-freunde.de\/comm\/wp-content\/uploads\/2018\/04\/DPFMItgliedsantrag.pdf\">Hier finden Sie einen blanko Mitgliedsantrag als PDF-Datei zum Ausdrucken<\/a><\/p>\n<p><a href=\"https:\/\/dp-freunde.de\/comm\/helfen-sie\/ueber-mich\/satzung\/\">Hier finden Sie einen Link zu unserer Satzung<\/a><\/p>\n<p><strong>Achtung: Die Website hat eine SSL Verschl\u00fcsselung. E-Mail Versand \u00fcber die Website und auch \u00fcber ihr eigenes E-Mail-Konto ist ohne Verschl\u00fcsselung wie der Versand einer Postkarte. Sollten Sie dies nicht w\u00fcnschen, kontaktieren Sie uns bitte per Post\/Fax\/Telefon.<\/strong><\/p>\n<p><strong><a href=\"https:\/\/dp-freunde.de\/comm\/impressum\/datenschutzerklaerung\/\">Hier geht es zur Datenschutzerkl\u00e4rung<\/a><\/strong><\/p>\n\n<div class=\"wpcf7 no-js\" id=\"wpcf7-f2288-o1\" lang=\"en-US\" dir=\"ltr\" data-wpcf7-id=\"2288\">\n<div class=\"screen-reader-response\"><p role=\"status\" aria-live=\"polite\" aria-atomic=\"true\"><\/p> <ul><\/ul><\/div>\n<form action=\"\/comm\/wp-json\/wp\/v2\/pages\/1798#wpcf7-f2288-o1\" method=\"post\" class=\"wpcf7-form init\" aria-label=\"Contact form\" novalidate=\"novalidate\" data-status=\"init\">\n<fieldset class=\"hidden-fields-container\"><input type=\"hidden\" name=\"_wpcf7\" value=\"2288\" \/><input type=\"hidden\" name=\"_wpcf7_version\" value=\"6.1.5\" \/><input type=\"hidden\" name=\"_wpcf7_locale\" value=\"en_US\" \/><input type=\"hidden\" name=\"_wpcf7_unit_tag\" value=\"wpcf7-f2288-o1\" \/><input type=\"hidden\" name=\"_wpcf7_container_post\" value=\"0\" \/><input type=\"hidden\" name=\"_wpcf7_posted_data_hash\" value=\"\" \/><input type=\"hidden\" name=\"_wpcf7_recaptcha_response\" value=\"\" \/>\n<\/fieldset>\n<p>Hier k\u00f6nnen Sie auch online Ihren <b>Mitgliedsantrag<\/b> an den Vorstand der Deutsch-Philippinischen Freunde e.V. schicken. Nach dem Ausf\u00fcllen und Absenden des Formulares erhalten Sie eine <b>E-Mail Best\u00e4tigung<\/b> an die angegebene E-Mail-Adresse. Bitte stellen Sie sicher, dass die Nachricht nicht von Ihrem <b>Spamfilter<\/b> zur\u00fcckgehalten wird.\n<\/p>\n<p><b>Antragsformular<\/b>\n<\/p>\n<p>Ich habe die Datenschutz-Erkl\u00e4rung gelesen und stimme zu (Pflichtfeld): <span class=\"wpcf7-form-control-wrap\" data-name=\"ZustimmungzudenDatenschutzbestimmungen\"><span class=\"wpcf7-form-control wpcf7-acceptance\"><span class=\"wpcf7-list-item\"><input type=\"checkbox\" name=\"ZustimmungzudenDatenschutzbestimmungen\" value=\"1\" aria-invalid=\"false\" \/><\/span><\/span><\/span>\n<\/p>\n<p>Ihr Vor- und Nachname (Pflichtfeld)\n<\/p>\n<p><span class=\"wpcf7-form-control-wrap\" data-name=\"your-name\"><input size=\"40\" maxlength=\"400\" class=\"wpcf7-form-control wpcf7-text wpcf7-validates-as-required\" aria-required=\"true\" aria-invalid=\"false\" value=\"\" type=\"text\" name=\"your-name\" \/><\/span>\n<\/p>\n<p>Ihre Stra\u00dfe und Hausnummer (Pflichtfeld)\n<\/p>\n<p><span class=\"wpcf7-form-control-wrap\" data-name=\"textstreet-636\"><input size=\"40\" maxlength=\"400\" class=\"wpcf7-form-control wpcf7-text wpcf7-validates-as-required\" aria-required=\"true\" aria-invalid=\"false\" value=\"\" type=\"text\" name=\"textstreet-636\" \/><\/span>\n<\/p>\n<p>Ihre Postleitzahl und Stadt (Pflichtfeld)\n<\/p>\n<p><span class=\"wpcf7-form-control-wrap\" data-name=\"texttown-923\"><input size=\"40\" maxlength=\"400\" class=\"wpcf7-form-control wpcf7-text wpcf7-validates-as-required\" aria-required=\"true\" aria-invalid=\"false\" value=\"\" type=\"text\" name=\"texttown-923\" \/><\/span>\n<\/p>\n<p>Ihr Geburtsdatum (Pflichtfeld)\n<\/p>\n<p><span class=\"wpcf7-form-control-wrap\" data-name=\"textbirthday-40\"><input size=\"40\" maxlength=\"400\" class=\"wpcf7-form-control wpcf7-text wpcf7-validates-as-required\" aria-required=\"true\" aria-invalid=\"false\" value=\"\" type=\"text\" name=\"textbirthday-40\" \/><\/span>\n<\/p>\n<p>Ihre Email (Pflichtfeld)\n<\/p>\n<p><span class=\"wpcf7-form-control-wrap\" data-name=\"your-email\"><input size=\"40\" maxlength=\"400\" class=\"wpcf7-form-control wpcf7-email wpcf7-validates-as-required wpcf7-text wpcf7-validates-as-email\" aria-required=\"true\" aria-invalid=\"false\" value=\"\" type=\"email\" name=\"your-email\" \/><\/span>\n<\/p>\n<p> Ja, ich m\u00f6chte Mitglied werden bei den Deutsch-Philippinischen Freunden e.V. (Pflichtfeld)\n<\/p>\n<p><span class=\"wpcf7-form-control-wrap\" data-name=\"acceptancemembership-577\"><span class=\"wpcf7-form-control wpcf7-acceptance\"><span class=\"wpcf7-list-item\"><input type=\"checkbox\" name=\"acceptancemembership-577\" value=\"1\" aria-invalid=\"false\" \/><\/span><\/span><\/span>\n<\/p>\n<p> Ja, ich habe die Satzung gelesen, verstanden und stimme der Satzung als Basis f\u00fcr meine Mitgliedschaft zu. (Pflichtfeld)\n<\/p>\n<p><span class=\"wpcf7-form-control-wrap\" data-name=\"acceptance-310\"><span class=\"wpcf7-form-control wpcf7-acceptance\"><span class=\"wpcf7-list-item\"><input type=\"checkbox\" name=\"acceptance-310\" value=\"1\" aria-invalid=\"false\" \/><\/span><\/span><\/span>\n<\/p>\n<p> Der Mindest-Mitgliedsbeitrag betr\u00e4gt :\n<\/p>\n<p> Ab 15 Jahren: 2,50 EUR\/Monat\n<\/p>\n<p> F\u00fcr Kinder von 6-14 Jahren: 0,75 EUR\/Monat\n<\/p>\n<p> Bitte tragen Sie hier den monatlichen Beitrag ein, den Sie bereit sind zu leisten (Pflichtfeld):\n<\/p>\n<p><span class=\"wpcf7-form-control-wrap\" data-name=\"textfee-169\"><input size=\"40\" maxlength=\"400\" class=\"wpcf7-form-control wpcf7-text wpcf7-validates-as-required\" aria-required=\"true\" aria-invalid=\"false\" value=\"\" type=\"text\" name=\"textfee-169\" \/><\/span> EUR pro Monat\n<\/p>\n<p>So m\u00f6chte ich zahlen, zahlbar mindestens einmal j\u00e4hrlich (Pflichtfeld), :\n<\/p>\n<p><span class=\"wpcf7-form-control-wrap\" data-name=\"radioPayment-168\"><span class=\"wpcf7-form-control wpcf7-radio\"><span class=\"wpcf7-list-item first\"><span class=\"wpcf7-list-item-label\">Einzugserm\u00e4chtigung Fax\/Post<\/span><input type=\"radio\" name=\"radioPayment-168\" value=\"Einzugserm\u00e4chtigung Fax\/Post\" \/><\/span><span class=\"wpcf7-list-item last\"><span class=\"wpcf7-list-item-label\">Dauerauftrag<\/span><input type=\"radio\" name=\"radioPayment-168\" value=\"Dauerauftrag\" \/><\/span><\/span><\/span>\n<\/p>\n<p>Wenn Sie Ihre Einzugserm\u00e4chtigung per Fax oder Post erteilen m\u00f6chten, drucken Sie bitte die abgesandte Mitgliedserkl\u00e4rung aus, erg\u00e4nzen Ihre Bankdetails, unterschreiben diese und senden uns diese zu.<br \/>\nEinen Dauerauftrag oder eine \u00dcberweisung k\u00f6nnen nur Sie selbst veranlassen.\n<\/p>\n<p>Ich m\u00f6chte noch eine zus\u00e4tzliche Nachricht an den Vorstand schicken\n<\/p>\n<p><span class=\"wpcf7-form-control-wrap\" data-name=\"your-message\"><textarea cols=\"40\" rows=\"10\" maxlength=\"2000\" class=\"wpcf7-form-control wpcf7-textarea\" aria-invalid=\"false\" name=\"your-message\"><\/textarea><\/span>\n<\/p>\n<p><span id=\"wpcf7-69e74cdead229-wrapper\" class=\"wpcf7-form-control-wrap honeypot-954-wrap\" ><label for=\"wpcf7-69e74cdead229-field\" class=\"hp-message\">Please leave this field empty.<\/label><input id=\"wpcf7-69e74cdead229-field\"  class=\"wpcf7-form-control wpcf7-text\" type=\"text\" name=\"honeypot-954\" value=\"\" size=\"40\" tabindex=\"-1\" autocomplete=\"new-password\" \/><\/span>\n<\/p>\n<p>Sicherheits\u00fcberpr\u00fcfung - Bitte geben Sie den Text ein (Pflichtfeld)\n<\/p>\n<p><input type=\"hidden\" name=\"_wpcf7_captcha_challenge_captcha-737\" value=\"1991074375\" \/><img loading=\"lazy\" decoding=\"async\" class=\"wpcf7-form-control wpcf7-captchac wpcf7-captcha-captcha-737\" width=\"72\" height=\"24\" alt=\"captcha\" src=\"https:\/\/dp-freunde.de\/comm\/wp-content\/uploads\/wpcf7_captcha\/1991074375.png\" \/>\n<\/p>\n<p><span class=\"wpcf7-form-control-wrap\" data-name=\"captcha-737\"><input size=\"40\" class=\"wpcf7-form-control wpcf7-captchar\" autocomplete=\"off\" aria-invalid=\"false\" value=\"\" type=\"text\" name=\"captcha-737\" \/><\/span>\n<\/p>\n<p><input class=\"wpcf7-form-control wpcf7-submit has-spinner\" type=\"submit\" value=\"Senden\" \/>\n<\/p>\n<p><b>ACHTUNG: Der SENDEN-Button kann erst best\u00e4tigt werden, wenn alle Pflichtfelder ausgef\u00fcllt sind! Wenn der SENDEN-Button inaktiv ist, bitte noch einmal alle Fragen bzw. Angaben pr\u00fcfen und auf Fehlermeldungen achten.<\/b>\n<\/p><div class=\"wpcf7-response-output\" aria-hidden=\"true\"><\/div>\n<\/form>\n<\/div>\n\n<p>Hier noch einmal unsere Adresse und Bankdetails:<br \/>\nDeutsch-Philippinische Freunde e.V.<br \/>\nc\/o Dagmar Eberhard<br \/>\nK\u00f6lner Str. 355<br \/>\n40227 D\u00fcsseldorf<\/p>\n<p>Tel. +49 (0) 211 \u2013 771610<br \/>\nEmail: &#109;a&#x69;l&#x5f;w&#x65;&#98;&#x73;&#105;&#x74;&#101;&#64;&#x64;p&#x2d;f&#x72;&#101;&#x75;&#110;&#x64;&#101;&#x2e;&#100;e<\/p>\n<p>Unsere Bankverbindung:<\/p>\n<p>DPF e.V.<br \/>\nKonto Nr: 4081550<br \/>\nBLZ 300 700 24<br \/>\nDeutsche Bank Langenfeld<\/p>\n","protected":false},"excerpt":{"rendered":"<p>[pdf-embedder url=&#8220;https:\/\/dp-freunde.de\/comm\/wp-content\/uploads\/2018\/07\/DPF_Flyer_Mitgliedschaft.pdf&#8220;] Achtung: Der Mitgliedsbeitrag ist nun 2,50 EUR\/Monat f\u00fcr Erwachsene\/Jugendliche und 0,75 EUR f\u00fcr Kinder. (Die PDF Dateien werden momentan aktualisiert.) Unten finden Sie ein Online-Formular, um \u00fcber die Website eine Mitgliedschaft zu beantragen. Hier finden Sie einen blanko &hellip;<\/p>\n<p class=\"read-more\"> <a class=\"more-link\" href=\"https:\/\/dp-freunde.de\/comm\/mitglied-werden\/\"> <span class=\"screen-reader-text\">Mitglied werden<\/span> Weiterlesen &raquo;<\/a><\/p>\n","protected":false},"author":6,"featured_media":0,"parent":0,"menu_order":2,"comment_status":"closed","ping_status":"closed","template":"","meta":{"footnotes":""},"class_list":["post-1798","page","type-page","status-publish","hentry"],"yoast_head":"<!-- This site is optimized with the Yoast SEO plugin v27.4 - https:\/\/yoast.com\/product\/yoast-seo-wordpress\/ -->\n<title>Mitglied werden - Deutsch-Philippinische Freunde e.V.<\/title>\n<meta name=\"robots\" content=\"index, follow, max-snippet:-1, max-image-preview:large, max-video-preview:-1\" \/>\n<link rel=\"canonical\" href=\"https:\/\/dp-freunde.de\/comm\/mitglied-werden\/\" \/>\n<meta property=\"og:locale\" content=\"de_DE\" \/>\n<meta property=\"og:type\" content=\"article\" \/>\n<meta property=\"og:title\" content=\"Mitglied werden - Deutsch-Philippinische Freunde e.V.\" \/>\n<meta property=\"og:description\" content=\"[pdf-embedder url=&#8220;https:\/\/dp-freunde.de\/comm\/wp-content\/uploads\/2018\/07\/DPF_Flyer_Mitgliedschaft.pdf&#8220;] Achtung: Der Mitgliedsbeitrag ist nun 2,50 EUR\/Monat f\u00fcr Erwachsene\/Jugendliche und 0,75 EUR f\u00fcr Kinder. (Die PDF Dateien werden momentan aktualisiert.) Unten finden Sie ein Online-Formular, um \u00fcber die Website eine Mitgliedschaft zu beantragen. Hier finden Sie einen blanko &hellip; Mitglied werden Weiterlesen &raquo;\" \/>\n<meta property=\"og:url\" content=\"https:\/\/dp-freunde.de\/comm\/mitglied-werden\/\" \/>\n<meta property=\"og:site_name\" content=\"Deutsch-Philippinische Freunde e.V.\" \/>\n<meta property=\"article:modified_time\" content=\"2025-07-02T18:12:41+00:00\" \/>\n<meta name=\"twitter:card\" content=\"summary_large_image\" \/>\n<meta name=\"twitter:label1\" content=\"Gesch\u00e4tzte Lesezeit\" \/>\n\t<meta name=\"twitter:data1\" content=\"1\u00a0Minute\" \/>\n<script type=\"application\/ld+json\" class=\"yoast-schema-graph\">{\"@context\":\"https:\\\/\\\/schema.org\",\"@graph\":[{\"@type\":\"WebPage\",\"@id\":\"https:\\\/\\\/dp-freunde.de\\\/comm\\\/mitglied-werden\\\/\",\"url\":\"https:\\\/\\\/dp-freunde.de\\\/comm\\\/mitglied-werden\\\/\",\"name\":\"Mitglied werden - Deutsch-Philippinische Freunde e.V.\",\"isPartOf\":{\"@id\":\"https:\\\/\\\/dp-freunde.de\\\/comm\\\/#website\"},\"datePublished\":\"2010-12-22T13:02:43+00:00\",\"dateModified\":\"2025-07-02T18:12:41+00:00\",\"breadcrumb\":{\"@id\":\"https:\\\/\\\/dp-freunde.de\\\/comm\\\/mitglied-werden\\\/#breadcrumb\"},\"inLanguage\":\"de\",\"potentialAction\":[{\"@type\":\"ReadAction\",\"target\":[\"https:\\\/\\\/dp-freunde.de\\\/comm\\\/mitglied-werden\\\/\"]}]},{\"@type\":\"BreadcrumbList\",\"@id\":\"https:\\\/\\\/dp-freunde.de\\\/comm\\\/mitglied-werden\\\/#breadcrumb\",\"itemListElement\":[{\"@type\":\"ListItem\",\"position\":1,\"name\":\"Startseite\",\"item\":\"https:\\\/\\\/dp-freunde.de\\\/comm\\\/\"},{\"@type\":\"ListItem\",\"position\":2,\"name\":\"Mitglied werden\"}]},{\"@type\":\"WebSite\",\"@id\":\"https:\\\/\\\/dp-freunde.de\\\/comm\\\/#website\",\"url\":\"https:\\\/\\\/dp-freunde.de\\\/comm\\\/\",\"name\":\"Deutsch-Philippinische Freunde e.V.\",\"description\":\"Solidarische Hilfe bei gegenseitigem Respekt auf Augenh\u00f6he\",\"potentialAction\":[{\"@type\":\"SearchAction\",\"target\":{\"@type\":\"EntryPoint\",\"urlTemplate\":\"https:\\\/\\\/dp-freunde.de\\\/comm\\\/?s={search_term_string}\"},\"query-input\":{\"@type\":\"PropertyValueSpecification\",\"valueRequired\":true,\"valueName\":\"search_term_string\"}}],\"inLanguage\":\"de\"}]}<\/script>\n<!-- \/ Yoast SEO plugin. -->","yoast_head_json":{"title":"Mitglied werden - Deutsch-Philippinische Freunde e.V.","robots":{"index":"index","follow":"follow","max-snippet":"max-snippet:-1","max-image-preview":"max-image-preview:large","max-video-preview":"max-video-preview:-1"},"canonical":"https:\/\/dp-freunde.de\/comm\/mitglied-werden\/","og_locale":"de_DE","og_type":"article","og_title":"Mitglied werden - Deutsch-Philippinische Freunde e.V.","og_description":"[pdf-embedder url=&#8220;https:\/\/dp-freunde.de\/comm\/wp-content\/uploads\/2018\/07\/DPF_Flyer_Mitgliedschaft.pdf&#8220;] Achtung: Der Mitgliedsbeitrag ist nun 2,50 EUR\/Monat f\u00fcr Erwachsene\/Jugendliche und 0,75 EUR f\u00fcr Kinder. (Die PDF Dateien werden momentan aktualisiert.) Unten finden Sie ein Online-Formular, um \u00fcber die Website eine Mitgliedschaft zu beantragen. Hier finden Sie einen blanko &hellip; Mitglied werden Weiterlesen &raquo;","og_url":"https:\/\/dp-freunde.de\/comm\/mitglied-werden\/","og_site_name":"Deutsch-Philippinische Freunde e.V.","article_modified_time":"2025-07-02T18:12:41+00:00","twitter_card":"summary_large_image","twitter_misc":{"Gesch\u00e4tzte Lesezeit":"1\u00a0Minute"},"schema":{"@context":"https:\/\/schema.org","@graph":[{"@type":"WebPage","@id":"https:\/\/dp-freunde.de\/comm\/mitglied-werden\/","url":"https:\/\/dp-freunde.de\/comm\/mitglied-werden\/","name":"Mitglied werden - Deutsch-Philippinische Freunde e.V.","isPartOf":{"@id":"https:\/\/dp-freunde.de\/comm\/#website"},"datePublished":"2010-12-22T13:02:43+00:00","dateModified":"2025-07-02T18:12:41+00:00","breadcrumb":{"@id":"https:\/\/dp-freunde.de\/comm\/mitglied-werden\/#breadcrumb"},"inLanguage":"de","potentialAction":[{"@type":"ReadAction","target":["https:\/\/dp-freunde.de\/comm\/mitglied-werden\/"]}]},{"@type":"BreadcrumbList","@id":"https:\/\/dp-freunde.de\/comm\/mitglied-werden\/#breadcrumb","itemListElement":[{"@type":"ListItem","position":1,"name":"Startseite","item":"https:\/\/dp-freunde.de\/comm\/"},{"@type":"ListItem","position":2,"name":"Mitglied werden"}]},{"@type":"WebSite","@id":"https:\/\/dp-freunde.de\/comm\/#website","url":"https:\/\/dp-freunde.de\/comm\/","name":"Deutsch-Philippinische Freunde e.V.","description":"Solidarische Hilfe bei gegenseitigem Respekt auf Augenh\u00f6he","potentialAction":[{"@type":"SearchAction","target":{"@type":"EntryPoint","urlTemplate":"https:\/\/dp-freunde.de\/comm\/?s={search_term_string}"},"query-input":{"@type":"PropertyValueSpecification","valueRequired":true,"valueName":"search_term_string"}}],"inLanguage":"de"}]}},"_links":{"self":[{"href":"https:\/\/dp-freunde.de\/comm\/wp-json\/wp\/v2\/pages\/1798","targetHints":{"allow":["GET"]}}],"collection":[{"href":"https:\/\/dp-freunde.de\/comm\/wp-json\/wp\/v2\/pages"}],"about":[{"href":"https:\/\/dp-freunde.de\/comm\/wp-json\/wp\/v2\/types\/page"}],"author":[{"embeddable":true,"href":"https:\/\/dp-freunde.de\/comm\/wp-json\/wp\/v2\/users\/6"}],"replies":[{"embeddable":true,"href":"https:\/\/dp-freunde.de\/comm\/wp-json\/wp\/v2\/comments?post=1798"}],"version-history":[{"count":2,"href":"https:\/\/dp-freunde.de\/comm\/wp-json\/wp\/v2\/pages\/1798\/revisions"}],"predecessor-version":[{"id":14772,"href":"https:\/\/dp-freunde.de\/comm\/wp-json\/wp\/v2\/pages\/1798\/revisions\/14772"}],"wp:attachment":[{"href":"https:\/\/dp-freunde.de\/comm\/wp-json\/wp\/v2\/media?parent=1798"}],"curies":[{"name":"wp","href":"https:\/\/api.w.org\/{rel}","templated":true}]}}