{"id":2,"date":"2009-05-23T14:10:58","date_gmt":"2009-05-23T12:10:58","guid":{"rendered":"http:\/\/dp-freunde.de\/comm\/?page_id=2"},"modified":"2021-03-29T18:29:19","modified_gmt":"2021-03-29T16:29:19","slug":"ueber-uns","status":"publish","type":"page","link":"https:\/\/dp-freunde.de\/comm\/ueber-uns\/","title":{"rendered":"\u00dcber uns"},"content":{"rendered":"<h1>[pdf-embedder url=&#8220;https:\/\/dp-freunde.de\/comm\/wp-content\/uploads\/2018\/07\/DPF_Flyer_Mitgliedschaft.pdf&#8220;]<\/h1>\n<p><span style=\"font-family: Arial, sans-serif;\"><span style=\"font-size: medium;\"><b>Deutsch-Philippinische Freunde e.V. (DPF) \u2013 wer sind wir?<\/b><\/span><\/span><\/p>\n<p><span style=\"font-family: Arial, sans-serif;\"><span style=\"font-size: medium;\"><img loading=\"lazy\" decoding=\"async\" class=\" wp-image-7234 alignleft\" src=\"https:\/\/dp-freunde.de\/comm\/wp-content\/uploads\/2021\/03\/DPFGruppe-300x198.jpg\" alt=\"\" width=\"274\" height=\"181\" srcset=\"https:\/\/dp-freunde.de\/comm\/wp-content\/uploads\/2021\/03\/DPFGruppe-300x198.jpg 300w, https:\/\/dp-freunde.de\/comm\/wp-content\/uploads\/2021\/03\/DPFGruppe.jpg 488w\" sizes=\"auto, (max-width: 274px) 100vw, 274px\" \/>In der Welt von heute ist Solidarit\u00e4t, Freundschaft und Hilfe notwendiger denn je! Der DPF wurde 1996 gegr\u00fcndet und hat zurzeit etwas mehr als 100 Mitglieder. Von Anfang an hatten wir gleichberechtigte Partner in den Philippinen. Es gr\u00fcndete sich dort 1998 unsere Partnerorganisation KAPATIRAN, seit 1998 ist der DPF Mitglied bei Solidarit\u00e4t International e.V., in der Umweltgewerkschaft, im ILPS (International League of Peoples struggle) und im Internationalistischen B\u00fcndnis. <\/span><\/span><\/p>\n<p><span style=\"font-family: Arial, sans-serif;\"><span style=\"font-size: medium;\"><b>Unsere Prinzipien:<\/b><\/span><\/span><\/p>\n<p><span style=\"font-family: Arial, sans-serif;\"><span style=\"font-size: medium;\">&#8211; Solidarische Hilfe bei gegenseitigem Respekt auf Augenh\u00f6he <\/span><\/span><\/p>\n<p><span style=\"font-family: Arial, sans-serif;\"><span style=\"font-size: medium;\">&#8211; Finanzielle Unabh\u00e4ngigkeit mit garantierter Transparenz<\/span><\/span><\/p>\n<p><span style=\"font-family: Arial, sans-serif;\"><span style=\"font-size: medium;\">&#8211; Wir arbeiten demokratisch, und \u00fcberparteilich<\/span><\/span><\/p>\n<p><span style=\"font-family: Arial, sans-serif;\"><span style=\"font-size: medium;\">Faschisten, Rassisten, Antisemitismus und Antikommunismus haben bei uns keinen Platz. Sie sind unvereinbar mit dem Streben und den Protesten der Menschen nach Selbstbestimmung, Freiheit und Demokratie und ihrer Suche nach gesellschaftlichen Alternativen.<\/span><\/span><\/p>\n<p><span style=\"font-family: Arial, sans-serif;\"><span style=\"font-size: medium;\"><b>Freunde schlie\u00dfen sich zusammen \u2013 in Deutschland und in den Philippinen<\/b><\/span><\/span><\/p>\n<p><span style=\"font-family: Arial, sans-serif;\"><span style=\"font-size: medium;\">Die Deutsch-Philippinischen Freunde unterst\u00fctzen K\u00e4mpfe und Solidarit\u00e4tsaktionen wie gegen Massenarbeitslosigkeit, Abbau sozialer Leistungen, gegen die weltweit zunehmende Kriegsgefahr, gegen den Abbau demokratischer<br \/>\nRechte und drohende Umweltkatastrophen.<\/span><\/span><\/p>\n<p><span style=\"font-family: Arial, sans-serif;\"><span style=\"font-size: medium;\"><b><img loading=\"lazy\" decoding=\"async\" class=\" wp-image-7236 alignleft\" src=\"https:\/\/dp-freunde.de\/comm\/wp-content\/uploads\/2021\/03\/Kunstbild-226x300.jpg\" alt=\"\" width=\"124\" height=\"165\" srcset=\"https:\/\/dp-freunde.de\/comm\/wp-content\/uploads\/2021\/03\/Kunstbild-226x300.jpg 226w, https:\/\/dp-freunde.de\/comm\/wp-content\/uploads\/2021\/03\/Kunstbild.jpg 248w\" sizes=\"auto, (max-width: 124px) 100vw, 124px\" \/>Freunde, die praktisch zusammenarbeiten mit in Deutschland lebenden Filipinas und Filipinos <\/b><\/span><\/span><\/p>\n<p><span style=\"font-family: Arial, sans-serif;\"><span style=\"font-size: medium;\">Unser Freundschaftsverein hat sich das Ziel gesetzt, echte Freundschaften zu f\u00f6rdern. Darunter verstehen wir auch gemeinsam zu feiern und ein kulturelles Leben zu entwickeln. <\/span><\/span><\/p>\n<p><span style=\"font-family: Arial, sans-serif;\"><span style=\"font-size: medium;\"><b>Freunde tauschen sich aus<\/b><\/span><\/span><\/p>\n<p><span style=\"font-family: Arial, sans-serif;\"><span style=\"font-size: medium;\">Wir f\u00f6rdern den Erfahrungsaustausch und die Zusammenarbeit mit der philippinischen Gewerkschafts-, Frauen-, Jugend- und Umweltbewegung und mit anderen demokratischen Bewegungen und Initiativen in den Philippinen und in Deutschland. Wir unterst\u00fctzen die Teilnahme an internationalen Konferenzen wie der AutomobilarbeiterInnenkonferenz, Weltfrauenkonferenz und BergarbeiterInnenkonferenz. Reisen in die Philippinen und Besuche unserer Freunde aus den Philippinen nach Deutschland nutzen wir f\u00fcr einen Austausch \u00fcber Land, Leben und Kampf der Menschen in beiden L\u00e4ndern. <\/span><\/span><\/p>\n<p><span style=\"font-family: Arial, sans-serif;\"><span style=\"font-size: medium;\"><b>Lebenshilfe und Partnerschaften <\/b><\/span><\/span><\/p>\n<p><span style=\"font-family: Arial, sans-serif;\"><span style=\"font-size: medium;\">Der Verein ist finanziell unabh\u00e4ngig und finanziert sich durch Spenden und Beitr\u00e4ge. Jedes Mitglied bekommt 4 x pro Jahr den Rundbrief \u201ePintig\u201c, in dem wir Mitglieder und FreundInnen \u00fcber die aktuelle Politik und Aktivit\u00e4ten in beiden L\u00e4ndern informieren. <\/span><\/span><\/p>\n<p><span style=\"font-family: Arial, sans-serif;\"><span style=\"font-size: medium;\"><img loading=\"lazy\" decoding=\"async\" class=\" wp-image-7235 alignleft\" src=\"https:\/\/dp-freunde.de\/comm\/wp-content\/uploads\/2021\/03\/PolitischeGefangene.jpg\" alt=\"\" width=\"128\" height=\"128\" srcset=\"https:\/\/dp-freunde.de\/comm\/wp-content\/uploads\/2021\/03\/PolitischeGefangene.jpg 257w, https:\/\/dp-freunde.de\/comm\/wp-content\/uploads\/2021\/03\/PolitischeGefangene-150x150.jpg 150w\" sizes=\"auto, (max-width: 128px) 100vw, 128px\" \/>Wir unterst\u00fctzen politisch Gefangene in philippinischen Gef\u00e4ngnissen durch Spenden, Sachspenden und Brieffreundschaften. Wir treten f\u00fcr ihre Freilassung ein. Wir verkaufen von ihnen produziertes Kunsthandwerk zur Unterst\u00fctzung ihrer Lebensversorgung. <\/span><\/span><\/p>\n<p><span style=\"font-family: Arial, sans-serif;\"><span style=\"font-size: medium;\">Seit einigen Jahren schicken wir regelm\u00e4\u00dfig Balik-Bayan-Boxen mit Sachspenden in die Philippinen, wie z. Bsp. nach einem Taifun. <\/span><\/span><\/p>\n<p><span style=\"font-family: Arial, sans-serif;\"><span style=\"font-size: medium;\">Um neue Mitglieder und Unterst\u00fctzerInnen zu gewinnen sowie Spenden zu sammeln, organisieren wir kulturelle Veranstaltungen und beteiligen uns an \u00f6rtlichen Aktionen und bundesweiten Festivals, auf denen u.a. philippinische Speisen und K\u00f6stlichkeiten sowie Kunsthandwerk verkauft werden.<\/span><\/span><\/p>\n<p align=\"LEFT\"><span style=\"font-family: Arial, sans-serif;\"><span style=\"font-size: medium;\"><b>Internationale Solidarit\u00e4t braucht planbare Hilfe. Deshalb ist jedes Mitglied wichtig. Mitgliedsbeitr\u00e4ge und Spenden zahlreicher Menschen tragen den Verein.<\/b><\/span><\/span><\/p>\n","protected":false},"excerpt":{"rendered":"<p>[pdf-embedder url=&#8220;https:\/\/dp-freunde.de\/comm\/wp-content\/uploads\/2018\/07\/DPF_Flyer_Mitgliedschaft.pdf&#8220;] Deutsch-Philippinische Freunde e.V. (DPF) \u2013 wer sind wir? In der Welt von heute ist Solidarit\u00e4t, Freundschaft und Hilfe notwendiger denn je! Der DPF wurde 1996 gegr\u00fcndet und hat zurzeit etwas mehr als 100 Mitglieder. Von Anfang an hatten &hellip;<\/p>\n<p class=\"read-more\"> <a class=\"more-link\" href=\"https:\/\/dp-freunde.de\/comm\/ueber-uns\/\"> <span class=\"screen-reader-text\">\u00dcber uns<\/span> Weiterlesen &raquo;<\/a><\/p>\n","protected":false},"author":6,"featured_media":0,"parent":0,"menu_order":5,"comment_status":"closed","ping_status":"closed","template":"","meta":{"footnotes":""},"class_list":["post-2","page","type-page","status-publish","hentry"],"yoast_head":"<!-- This site is optimized with the Yoast SEO plugin v27.4 - https:\/\/yoast.com\/product\/yoast-seo-wordpress\/ -->\n<title>\u00dcber uns - Deutsch-Philippinische Freunde e.V.<\/title>\n<meta name=\"robots\" content=\"index, follow, max-snippet:-1, max-image-preview:large, max-video-preview:-1\" \/>\n<link rel=\"canonical\" href=\"https:\/\/dp-freunde.de\/comm\/ueber-uns\/\" \/>\n<meta property=\"og:locale\" content=\"de_DE\" \/>\n<meta property=\"og:type\" content=\"article\" \/>\n<meta property=\"og:title\" content=\"\u00dcber uns - Deutsch-Philippinische Freunde e.V.\" \/>\n<meta property=\"og:description\" content=\"[pdf-embedder url=&#8220;https:\/\/dp-freunde.de\/comm\/wp-content\/uploads\/2018\/07\/DPF_Flyer_Mitgliedschaft.pdf&#8220;] Deutsch-Philippinische Freunde e.V. (DPF) \u2013 wer sind wir? In der Welt von heute ist Solidarit\u00e4t, Freundschaft und Hilfe notwendiger denn je! Der DPF wurde 1996 gegr\u00fcndet und hat zurzeit etwas mehr als 100 Mitglieder. Von Anfang an hatten &hellip; \u00dcber uns Weiterlesen &raquo;\" \/>\n<meta property=\"og:url\" content=\"https:\/\/dp-freunde.de\/comm\/ueber-uns\/\" \/>\n<meta property=\"og:site_name\" content=\"Deutsch-Philippinische Freunde e.V.\" \/>\n<meta property=\"article:modified_time\" content=\"2021-03-29T16:29:19+00:00\" \/>\n<meta property=\"og:image\" content=\"https:\/\/dp-freunde.de\/comm\/wp-content\/uploads\/2021\/03\/DPFGruppe-300x198.jpg\" \/>\n<meta name=\"twitter:card\" content=\"summary_large_image\" \/>\n<meta name=\"twitter:label1\" content=\"Gesch\u00e4tzte Lesezeit\" \/>\n\t<meta name=\"twitter:data1\" content=\"3\u00a0Minuten\" \/>\n<script type=\"application\/ld+json\" class=\"yoast-schema-graph\">{\"@context\":\"https:\\\/\\\/schema.org\",\"@graph\":[{\"@type\":\"WebPage\",\"@id\":\"https:\\\/\\\/dp-freunde.de\\\/comm\\\/ueber-uns\\\/\",\"url\":\"https:\\\/\\\/dp-freunde.de\\\/comm\\\/ueber-uns\\\/\",\"name\":\"\u00dcber uns - Deutsch-Philippinische Freunde e.V.\",\"isPartOf\":{\"@id\":\"https:\\\/\\\/dp-freunde.de\\\/comm\\\/#website\"},\"primaryImageOfPage\":{\"@id\":\"https:\\\/\\\/dp-freunde.de\\\/comm\\\/ueber-uns\\\/#primaryimage\"},\"image\":{\"@id\":\"https:\\\/\\\/dp-freunde.de\\\/comm\\\/ueber-uns\\\/#primaryimage\"},\"thumbnailUrl\":\"https:\\\/\\\/dp-freunde.de\\\/comm\\\/wp-content\\\/uploads\\\/2021\\\/03\\\/DPFGruppe-300x198.jpg\",\"datePublished\":\"2009-05-23T12:10:58+00:00\",\"dateModified\":\"2021-03-29T16:29:19+00:00\",\"breadcrumb\":{\"@id\":\"https:\\\/\\\/dp-freunde.de\\\/comm\\\/ueber-uns\\\/#breadcrumb\"},\"inLanguage\":\"de\",\"potentialAction\":[{\"@type\":\"ReadAction\",\"target\":[\"https:\\\/\\\/dp-freunde.de\\\/comm\\\/ueber-uns\\\/\"]}]},{\"@type\":\"ImageObject\",\"inLanguage\":\"de\",\"@id\":\"https:\\\/\\\/dp-freunde.de\\\/comm\\\/ueber-uns\\\/#primaryimage\",\"url\":\"https:\\\/\\\/dp-freunde.de\\\/comm\\\/wp-content\\\/uploads\\\/2021\\\/03\\\/DPFGruppe.jpg\",\"contentUrl\":\"https:\\\/\\\/dp-freunde.de\\\/comm\\\/wp-content\\\/uploads\\\/2021\\\/03\\\/DPFGruppe.jpg\",\"width\":488,\"height\":322},{\"@type\":\"BreadcrumbList\",\"@id\":\"https:\\\/\\\/dp-freunde.de\\\/comm\\\/ueber-uns\\\/#breadcrumb\",\"itemListElement\":[{\"@type\":\"ListItem\",\"position\":1,\"name\":\"Startseite\",\"item\":\"https:\\\/\\\/dp-freunde.de\\\/comm\\\/\"},{\"@type\":\"ListItem\",\"position\":2,\"name\":\"\u00dcber uns\"}]},{\"@type\":\"WebSite\",\"@id\":\"https:\\\/\\\/dp-freunde.de\\\/comm\\\/#website\",\"url\":\"https:\\\/\\\/dp-freunde.de\\\/comm\\\/\",\"name\":\"Deutsch-Philippinische Freunde e.V.\",\"description\":\"Solidarische Hilfe bei gegenseitigem Respekt auf Augenh\u00f6he\",\"potentialAction\":[{\"@type\":\"SearchAction\",\"target\":{\"@type\":\"EntryPoint\",\"urlTemplate\":\"https:\\\/\\\/dp-freunde.de\\\/comm\\\/?s={search_term_string}\"},\"query-input\":{\"@type\":\"PropertyValueSpecification\",\"valueRequired\":true,\"valueName\":\"search_term_string\"}}],\"inLanguage\":\"de\"}]}<\/script>\n<!-- \/ Yoast SEO plugin. -->","yoast_head_json":{"title":"\u00dcber uns - Deutsch-Philippinische Freunde e.V.","robots":{"index":"index","follow":"follow","max-snippet":"max-snippet:-1","max-image-preview":"max-image-preview:large","max-video-preview":"max-video-preview:-1"},"canonical":"https:\/\/dp-freunde.de\/comm\/ueber-uns\/","og_locale":"de_DE","og_type":"article","og_title":"\u00dcber uns - Deutsch-Philippinische Freunde e.V.","og_description":"[pdf-embedder url=&#8220;https:\/\/dp-freunde.de\/comm\/wp-content\/uploads\/2018\/07\/DPF_Flyer_Mitgliedschaft.pdf&#8220;] Deutsch-Philippinische Freunde e.V. (DPF) \u2013 wer sind wir? In der Welt von heute ist Solidarit\u00e4t, Freundschaft und Hilfe notwendiger denn je! Der DPF wurde 1996 gegr\u00fcndet und hat zurzeit etwas mehr als 100 Mitglieder. Von Anfang an hatten &hellip; \u00dcber uns Weiterlesen &raquo;","og_url":"https:\/\/dp-freunde.de\/comm\/ueber-uns\/","og_site_name":"Deutsch-Philippinische Freunde e.V.","article_modified_time":"2021-03-29T16:29:19+00:00","og_image":[{"url":"https:\/\/dp-freunde.de\/comm\/wp-content\/uploads\/2021\/03\/DPFGruppe-300x198.jpg","type":"","width":"","height":""}],"twitter_card":"summary_large_image","twitter_misc":{"Gesch\u00e4tzte Lesezeit":"3\u00a0Minuten"},"schema":{"@context":"https:\/\/schema.org","@graph":[{"@type":"WebPage","@id":"https:\/\/dp-freunde.de\/comm\/ueber-uns\/","url":"https:\/\/dp-freunde.de\/comm\/ueber-uns\/","name":"\u00dcber uns - Deutsch-Philippinische Freunde e.V.","isPartOf":{"@id":"https:\/\/dp-freunde.de\/comm\/#website"},"primaryImageOfPage":{"@id":"https:\/\/dp-freunde.de\/comm\/ueber-uns\/#primaryimage"},"image":{"@id":"https:\/\/dp-freunde.de\/comm\/ueber-uns\/#primaryimage"},"thumbnailUrl":"https:\/\/dp-freunde.de\/comm\/wp-content\/uploads\/2021\/03\/DPFGruppe-300x198.jpg","datePublished":"2009-05-23T12:10:58+00:00","dateModified":"2021-03-29T16:29:19+00:00","breadcrumb":{"@id":"https:\/\/dp-freunde.de\/comm\/ueber-uns\/#breadcrumb"},"inLanguage":"de","potentialAction":[{"@type":"ReadAction","target":["https:\/\/dp-freunde.de\/comm\/ueber-uns\/"]}]},{"@type":"ImageObject","inLanguage":"de","@id":"https:\/\/dp-freunde.de\/comm\/ueber-uns\/#primaryimage","url":"https:\/\/dp-freunde.de\/comm\/wp-content\/uploads\/2021\/03\/DPFGruppe.jpg","contentUrl":"https:\/\/dp-freunde.de\/comm\/wp-content\/uploads\/2021\/03\/DPFGruppe.jpg","width":488,"height":322},{"@type":"BreadcrumbList","@id":"https:\/\/dp-freunde.de\/comm\/ueber-uns\/#breadcrumb","itemListElement":[{"@type":"ListItem","position":1,"name":"Startseite","item":"https:\/\/dp-freunde.de\/comm\/"},{"@type":"ListItem","position":2,"name":"\u00dcber uns"}]},{"@type":"WebSite","@id":"https:\/\/dp-freunde.de\/comm\/#website","url":"https:\/\/dp-freunde.de\/comm\/","name":"Deutsch-Philippinische Freunde e.V.","description":"Solidarische Hilfe bei gegenseitigem Respekt auf Augenh\u00f6he","potentialAction":[{"@type":"SearchAction","target":{"@type":"EntryPoint","urlTemplate":"https:\/\/dp-freunde.de\/comm\/?s={search_term_string}"},"query-input":{"@type":"PropertyValueSpecification","valueRequired":true,"valueName":"search_term_string"}}],"inLanguage":"de"}]}},"_links":{"self":[{"href":"https:\/\/dp-freunde.de\/comm\/wp-json\/wp\/v2\/pages\/2","targetHints":{"allow":["GET"]}}],"collection":[{"href":"https:\/\/dp-freunde.de\/comm\/wp-json\/wp\/v2\/pages"}],"about":[{"href":"https:\/\/dp-freunde.de\/comm\/wp-json\/wp\/v2\/types\/page"}],"author":[{"embeddable":true,"href":"https:\/\/dp-freunde.de\/comm\/wp-json\/wp\/v2\/users\/6"}],"replies":[{"embeddable":true,"href":"https:\/\/dp-freunde.de\/comm\/wp-json\/wp\/v2\/comments?post=2"}],"version-history":[{"count":0,"href":"https:\/\/dp-freunde.de\/comm\/wp-json\/wp\/v2\/pages\/2\/revisions"}],"wp:attachment":[{"href":"https:\/\/dp-freunde.de\/comm\/wp-json\/wp\/v2\/media?parent=2"}],"curies":[{"name":"wp","href":"https:\/\/api.w.org\/{rel}","templated":true}]}}