{"id":2828,"date":"2012-09-04T19:27:45","date_gmt":"2012-09-04T17:27:45","guid":{"rendered":"http:\/\/dp-freunde.de\/comm\/?page_id=2828"},"modified":"2021-08-02T19:24:06","modified_gmt":"2021-08-02T17:24:06","slug":"wie-funktionieren-spenden-mit-paypal","status":"publish","type":"page","link":"https:\/\/dp-freunde.de\/comm\/helfen-sie\/spenden\/wie-funktionieren-spenden-mit-paypal\/","title":{"rendered":"Wie funktionieren Spenden mit PayPal?"},"content":{"rendered":"<form action=\"https:\/\/www.paypal.com\/cgi-bin\/webscr\" method=\"post\"><a href=\"https:\/\/www.paypal.com\/paypalme\/dpfreunde\"><img loading=\"lazy\" decoding=\"async\" class=\"aligncenter wp-image-7968 size-full\" src=\"https:\/\/dp-freunde.de\/comm\/wp-content\/uploads\/2021\/08\/checkout-logo-120x26-2x.png\" alt=\"\" width=\"240\" height=\"52\" \/><\/a><strong>Was ist Paypal?<\/strong><\/p>\n<\/form>\n<p>Hier unsere Paypal-Spendenadresse: <a href=\"https:\/\/www.paypal.com\/paypalme\/dpfreunde\">https:\/\/www.paypal.com\/paypalme\/dpfreunde<\/a><\/p>\n<p>Paypal ist ein bekannter, weltweiter Online-Zahlservice. Man legt mit Paypal online ein Kundenkonto an, wo man seine Bankdaten oder Kreditkarten-Details hinterlegt.\u00a0 Alternativ ist es auch m\u00f6glich, das Paypal-Konto vorab per \u00dcberweisung aufzuladen.<\/p>\n<p>Das Passwort legt man selbst fest. Somit kann man Zahlungen an Websites oder Shops oder Privatpersonen leisten, ohne dass man seine Bank- oder Kreditkartendetails bekannt geben muss und ohne dass man aufwendig Bank\u00fcberweisungen veranlassen muss.<\/p>\n<p><strong>Warum nutzen die Deutsch-Philippinischen Freunde Paypal?<\/strong><\/p>\n<p>Wir m\u00f6chten unseren Interessenten und Mitgliedern es m\u00f6glichst einfach machen, uns zu unterst\u00fctzen. Viele gemeinn\u00fctzige Organisationen bieten heute die M\u00f6glichkeit, \u00fcber deren Websites zu spenden.<\/p>\n<p>Paypal erm\u00f6glicht es jederzeit weltweit online an uns zu spenden, sei es mit Kreditkarte oder Lastschrift oder Vorab-Aufladung. F\u00fcr den DPF e.v. w\u00e4re es relativ aufwendig und\/oder teuer, ein eigenes Abrechnungssystem zur Abwicklung von Einzel-Spenden via Kreditkarte oder Lastschrift einzurichten.<\/p>\n<p>Auch ist ein Vorteil, dass die Sicherheitsvorkehrungen und die eigentliche Zahlungsabwicklung durch Paypal sichergestellt werden und nicht auf unserer Website stattfindet.<\/p>\n<p>Die anderen M\u00f6glichkeiten f\u00fcr Spenden &#8211; per \u00dcberweisung\/Bar-Spende\/Sach-Spende\/Lastschrift f\u00fcr Dauerspenden &#8211;\u00a0 bleiben selbstverst\u00e4ndlich bestehen.<\/p>\n<p><strong>Sicherheit<\/strong><\/p>\n<p>Bitte beachten Sie die folgenden Infos und Empfehlungen:<\/p>\n<p><a href=\"https:\/\/www.paypal-deutschland.de\/sicherheit\/10-goldene-sicherheitsregeln.html\">https:\/\/www.paypal-deutschland.de\/sicherheit\/10-goldene-sicherheitsregeln.html<\/a><\/p>\n<p>Die Deutsch-Philippinischen Freunde e.V. bieten Paypal als eine Zahlungsmethode neben \u00dcberweisung, Bargeld-Spenden und Sachspenden an. Wir \u00fcbernehmen keine Haftung oder Gew\u00e4hrleistung f\u00fcr den eigentlichen Service von Paypal und dessen Benutzung. Es ist die Verantwortung von jedem Nutzer selbst, den g\u00e4ngigen Sicherheitsempfehlungen zu folgen.<\/p>\n<p><strong>Was kostet die Nutzung von PayPal?<\/strong><\/p>\n<p>Wenn Sie Geld an uns senden, ist dies kostenlos. Die Deutsch-Philippinischen Freunde zahlen eine Geb\u00fchr von 1,9 % + 0,35 Euro.<\/p>\n<p><a href=\"https:\/\/www.paypal-deutschland.de\/privatkunden\/was-ist-paypal\/gebuehren.html\">https:\/\/www.paypal-deutschland.de\/privatkunden\/was-ist-paypal\/gebuehren.html<\/a><\/p>\n<p><strong>Wie funktioniert das Spenden per PayPal konkret?<\/strong><\/p>\n<p>Klicken Sie den Button unten, dann k\u00f6nnen Sie sich in ihr existierendes Paypal-Konto einloggen und mit Senden einen Betrag an die Deutsch-Philippinischen Freunde festlegen\/losschicken.<\/p>\n<p>Wenn Sie sich nun neu f\u00fcr PayPal anmelden, m\u00fcssen sich wom\u00f6glich erst deren Sicherheitskontrollen durchlaufen (wenn Sie Lastschrift nutzen m\u00f6chten, t\u00e4tigt Paypal eine Mini-\u00dcberweisung auf ihr Konto unter Angabe einer Referenz; diese Referenz vom Kontoauszug m\u00fcssen sie in ihrem Paypal-Kundenkonto eintragen als Nachweis, dass dies ihr Bankkonto ist).<\/p>\n<p><a href=\"https:\/\/www.paypal.com\/paypalme\/dpfreunde\"><img loading=\"lazy\" decoding=\"async\" class=\"aligncenter wp-image-7968 size-full\" src=\"https:\/\/dp-freunde.de\/comm\/wp-content\/uploads\/2021\/08\/checkout-logo-120x26-2x.png\" alt=\"\" width=\"240\" height=\"52\" \/><\/a><\/p>\n","protected":false},"excerpt":{"rendered":"<p>Was ist Paypal? Hier unsere Paypal-Spendenadresse: https:\/\/www.paypal.com\/paypalme\/dpfreunde Paypal ist ein bekannter, weltweiter Online-Zahlservice. Man legt mit Paypal online ein Kundenkonto an, wo man seine Bankdaten oder Kreditkarten-Details hinterlegt.\u00a0 Alternativ ist es auch m\u00f6glich, das Paypal-Konto vorab per \u00dcberweisung aufzuladen. Das &hellip;<\/p>\n<p class=\"read-more\"> <a class=\"more-link\" href=\"https:\/\/dp-freunde.de\/comm\/helfen-sie\/spenden\/wie-funktionieren-spenden-mit-paypal\/\"> <span class=\"screen-reader-text\">Wie funktionieren Spenden mit PayPal?<\/span> Weiterlesen &raquo;<\/a><\/p>\n","protected":false},"author":6,"featured_media":0,"parent":291,"menu_order":0,"comment_status":"open","ping_status":"open","template":"","meta":{"footnotes":""},"class_list":["post-2828","page","type-page","status-publish","hentry"],"yoast_head":"<!-- This site is optimized with the Yoast SEO plugin v27.5 - https:\/\/yoast.com\/product\/yoast-seo-wordpress\/ -->\n<title>Wie funktionieren Spenden mit PayPal? - Deutsch-Philippinische Freunde e.V.<\/title>\n<meta name=\"robots\" content=\"index, follow, max-snippet:-1, max-image-preview:large, max-video-preview:-1\" \/>\n<link rel=\"canonical\" href=\"https:\/\/dp-freunde.de\/comm\/helfen-sie\/spenden\/wie-funktionieren-spenden-mit-paypal\/\" \/>\n<meta property=\"og:locale\" content=\"de_DE\" \/>\n<meta property=\"og:type\" content=\"article\" \/>\n<meta property=\"og:title\" content=\"Wie funktionieren Spenden mit PayPal? - Deutsch-Philippinische Freunde e.V.\" \/>\n<meta property=\"og:description\" content=\"Was ist Paypal? Hier unsere Paypal-Spendenadresse: https:\/\/www.paypal.com\/paypalme\/dpfreunde Paypal ist ein bekannter, weltweiter Online-Zahlservice. Man legt mit Paypal online ein Kundenkonto an, wo man seine Bankdaten oder Kreditkarten-Details hinterlegt.\u00a0 Alternativ ist es auch m\u00f6glich, das Paypal-Konto vorab per \u00dcberweisung aufzuladen. Das &hellip; Wie funktionieren Spenden mit PayPal? Weiterlesen &raquo;\" \/>\n<meta property=\"og:url\" content=\"https:\/\/dp-freunde.de\/comm\/helfen-sie\/spenden\/wie-funktionieren-spenden-mit-paypal\/\" \/>\n<meta property=\"og:site_name\" content=\"Deutsch-Philippinische Freunde e.V.\" \/>\n<meta property=\"article:modified_time\" content=\"2021-08-02T17:24:06+00:00\" \/>\n<meta property=\"og:image\" content=\"https:\/\/dp-freunde.de\/comm\/wp-content\/uploads\/2021\/08\/checkout-logo-120x26-2x.png\" \/>\n<meta name=\"twitter:card\" content=\"summary_large_image\" \/>\n<meta name=\"twitter:label1\" content=\"Gesch\u00e4tzte Lesezeit\" \/>\n\t<meta name=\"twitter:data1\" content=\"2\u00a0Minuten\" \/>\n<script type=\"application\/ld+json\" class=\"yoast-schema-graph\">{\"@context\":\"https:\\\/\\\/schema.org\",\"@graph\":[{\"@type\":\"WebPage\",\"@id\":\"https:\\\/\\\/dp-freunde.de\\\/comm\\\/helfen-sie\\\/spenden\\\/wie-funktionieren-spenden-mit-paypal\\\/\",\"url\":\"https:\\\/\\\/dp-freunde.de\\\/comm\\\/helfen-sie\\\/spenden\\\/wie-funktionieren-spenden-mit-paypal\\\/\",\"name\":\"Wie funktionieren Spenden mit PayPal? - Deutsch-Philippinische Freunde e.V.\",\"isPartOf\":{\"@id\":\"https:\\\/\\\/dp-freunde.de\\\/comm\\\/#website\"},\"primaryImageOfPage\":{\"@id\":\"https:\\\/\\\/dp-freunde.de\\\/comm\\\/helfen-sie\\\/spenden\\\/wie-funktionieren-spenden-mit-paypal\\\/#primaryimage\"},\"image\":{\"@id\":\"https:\\\/\\\/dp-freunde.de\\\/comm\\\/helfen-sie\\\/spenden\\\/wie-funktionieren-spenden-mit-paypal\\\/#primaryimage\"},\"thumbnailUrl\":\"https:\\\/\\\/dp-freunde.de\\\/comm\\\/wp-content\\\/uploads\\\/2021\\\/08\\\/checkout-logo-120x26-2x.png\",\"datePublished\":\"2012-09-04T17:27:45+00:00\",\"dateModified\":\"2021-08-02T17:24:06+00:00\",\"breadcrumb\":{\"@id\":\"https:\\\/\\\/dp-freunde.de\\\/comm\\\/helfen-sie\\\/spenden\\\/wie-funktionieren-spenden-mit-paypal\\\/#breadcrumb\"},\"inLanguage\":\"de\",\"potentialAction\":[{\"@type\":\"ReadAction\",\"target\":[\"https:\\\/\\\/dp-freunde.de\\\/comm\\\/helfen-sie\\\/spenden\\\/wie-funktionieren-spenden-mit-paypal\\\/\"]}]},{\"@type\":\"ImageObject\",\"inLanguage\":\"de\",\"@id\":\"https:\\\/\\\/dp-freunde.de\\\/comm\\\/helfen-sie\\\/spenden\\\/wie-funktionieren-spenden-mit-paypal\\\/#primaryimage\",\"url\":\"https:\\\/\\\/dp-freunde.de\\\/comm\\\/wp-content\\\/uploads\\\/2021\\\/08\\\/checkout-logo-120x26-2x.png\",\"contentUrl\":\"https:\\\/\\\/dp-freunde.de\\\/comm\\\/wp-content\\\/uploads\\\/2021\\\/08\\\/checkout-logo-120x26-2x.png\",\"width\":240,\"height\":52},{\"@type\":\"BreadcrumbList\",\"@id\":\"https:\\\/\\\/dp-freunde.de\\\/comm\\\/helfen-sie\\\/spenden\\\/wie-funktionieren-spenden-mit-paypal\\\/#breadcrumb\",\"itemListElement\":[{\"@type\":\"ListItem\",\"position\":1,\"name\":\"Startseite\",\"item\":\"https:\\\/\\\/dp-freunde.de\\\/comm\\\/\"},{\"@type\":\"ListItem\",\"position\":2,\"name\":\"Helfen Sie!\",\"item\":\"https:\\\/\\\/dp-freunde.de\\\/comm\\\/helfen-sie\\\/\"},{\"@type\":\"ListItem\",\"position\":3,\"name\":\"Spenden\",\"item\":\"https:\\\/\\\/dp-freunde.de\\\/comm\\\/helfen-sie\\\/spenden\\\/\"},{\"@type\":\"ListItem\",\"position\":4,\"name\":\"Wie funktionieren Spenden mit PayPal?\"}]},{\"@type\":\"WebSite\",\"@id\":\"https:\\\/\\\/dp-freunde.de\\\/comm\\\/#website\",\"url\":\"https:\\\/\\\/dp-freunde.de\\\/comm\\\/\",\"name\":\"Deutsch-Philippinische Freunde e.V.\",\"description\":\"Solidarische Hilfe bei gegenseitigem Respekt auf Augenh\u00f6he\",\"potentialAction\":[{\"@type\":\"SearchAction\",\"target\":{\"@type\":\"EntryPoint\",\"urlTemplate\":\"https:\\\/\\\/dp-freunde.de\\\/comm\\\/?s={search_term_string}\"},\"query-input\":{\"@type\":\"PropertyValueSpecification\",\"valueRequired\":true,\"valueName\":\"search_term_string\"}}],\"inLanguage\":\"de\"}]}<\/script>\n<!-- \/ Yoast SEO plugin. -->","yoast_head_json":{"title":"Wie funktionieren Spenden mit PayPal? - Deutsch-Philippinische Freunde e.V.","robots":{"index":"index","follow":"follow","max-snippet":"max-snippet:-1","max-image-preview":"max-image-preview:large","max-video-preview":"max-video-preview:-1"},"canonical":"https:\/\/dp-freunde.de\/comm\/helfen-sie\/spenden\/wie-funktionieren-spenden-mit-paypal\/","og_locale":"de_DE","og_type":"article","og_title":"Wie funktionieren Spenden mit PayPal? - Deutsch-Philippinische Freunde e.V.","og_description":"Was ist Paypal? Hier unsere Paypal-Spendenadresse: https:\/\/www.paypal.com\/paypalme\/dpfreunde Paypal ist ein bekannter, weltweiter Online-Zahlservice. Man legt mit Paypal online ein Kundenkonto an, wo man seine Bankdaten oder Kreditkarten-Details hinterlegt.\u00a0 Alternativ ist es auch m\u00f6glich, das Paypal-Konto vorab per \u00dcberweisung aufzuladen. Das &hellip; Wie funktionieren Spenden mit PayPal? Weiterlesen &raquo;","og_url":"https:\/\/dp-freunde.de\/comm\/helfen-sie\/spenden\/wie-funktionieren-spenden-mit-paypal\/","og_site_name":"Deutsch-Philippinische Freunde e.V.","article_modified_time":"2021-08-02T17:24:06+00:00","og_image":[{"url":"https:\/\/dp-freunde.de\/comm\/wp-content\/uploads\/2021\/08\/checkout-logo-120x26-2x.png","type":"","width":"","height":""}],"twitter_card":"summary_large_image","twitter_misc":{"Gesch\u00e4tzte Lesezeit":"2\u00a0Minuten"},"schema":{"@context":"https:\/\/schema.org","@graph":[{"@type":"WebPage","@id":"https:\/\/dp-freunde.de\/comm\/helfen-sie\/spenden\/wie-funktionieren-spenden-mit-paypal\/","url":"https:\/\/dp-freunde.de\/comm\/helfen-sie\/spenden\/wie-funktionieren-spenden-mit-paypal\/","name":"Wie funktionieren Spenden mit PayPal? - Deutsch-Philippinische Freunde e.V.","isPartOf":{"@id":"https:\/\/dp-freunde.de\/comm\/#website"},"primaryImageOfPage":{"@id":"https:\/\/dp-freunde.de\/comm\/helfen-sie\/spenden\/wie-funktionieren-spenden-mit-paypal\/#primaryimage"},"image":{"@id":"https:\/\/dp-freunde.de\/comm\/helfen-sie\/spenden\/wie-funktionieren-spenden-mit-paypal\/#primaryimage"},"thumbnailUrl":"https:\/\/dp-freunde.de\/comm\/wp-content\/uploads\/2021\/08\/checkout-logo-120x26-2x.png","datePublished":"2012-09-04T17:27:45+00:00","dateModified":"2021-08-02T17:24:06+00:00","breadcrumb":{"@id":"https:\/\/dp-freunde.de\/comm\/helfen-sie\/spenden\/wie-funktionieren-spenden-mit-paypal\/#breadcrumb"},"inLanguage":"de","potentialAction":[{"@type":"ReadAction","target":["https:\/\/dp-freunde.de\/comm\/helfen-sie\/spenden\/wie-funktionieren-spenden-mit-paypal\/"]}]},{"@type":"ImageObject","inLanguage":"de","@id":"https:\/\/dp-freunde.de\/comm\/helfen-sie\/spenden\/wie-funktionieren-spenden-mit-paypal\/#primaryimage","url":"https:\/\/dp-freunde.de\/comm\/wp-content\/uploads\/2021\/08\/checkout-logo-120x26-2x.png","contentUrl":"https:\/\/dp-freunde.de\/comm\/wp-content\/uploads\/2021\/08\/checkout-logo-120x26-2x.png","width":240,"height":52},{"@type":"BreadcrumbList","@id":"https:\/\/dp-freunde.de\/comm\/helfen-sie\/spenden\/wie-funktionieren-spenden-mit-paypal\/#breadcrumb","itemListElement":[{"@type":"ListItem","position":1,"name":"Startseite","item":"https:\/\/dp-freunde.de\/comm\/"},{"@type":"ListItem","position":2,"name":"Helfen Sie!","item":"https:\/\/dp-freunde.de\/comm\/helfen-sie\/"},{"@type":"ListItem","position":3,"name":"Spenden","item":"https:\/\/dp-freunde.de\/comm\/helfen-sie\/spenden\/"},{"@type":"ListItem","position":4,"name":"Wie funktionieren Spenden mit PayPal?"}]},{"@type":"WebSite","@id":"https:\/\/dp-freunde.de\/comm\/#website","url":"https:\/\/dp-freunde.de\/comm\/","name":"Deutsch-Philippinische Freunde e.V.","description":"Solidarische Hilfe bei gegenseitigem Respekt auf Augenh\u00f6he","potentialAction":[{"@type":"SearchAction","target":{"@type":"EntryPoint","urlTemplate":"https:\/\/dp-freunde.de\/comm\/?s={search_term_string}"},"query-input":{"@type":"PropertyValueSpecification","valueRequired":true,"valueName":"search_term_string"}}],"inLanguage":"de"}]}},"_links":{"self":[{"href":"https:\/\/dp-freunde.de\/comm\/wp-json\/wp\/v2\/pages\/2828","targetHints":{"allow":["GET"]}}],"collection":[{"href":"https:\/\/dp-freunde.de\/comm\/wp-json\/wp\/v2\/pages"}],"about":[{"href":"https:\/\/dp-freunde.de\/comm\/wp-json\/wp\/v2\/types\/page"}],"author":[{"embeddable":true,"href":"https:\/\/dp-freunde.de\/comm\/wp-json\/wp\/v2\/users\/6"}],"replies":[{"embeddable":true,"href":"https:\/\/dp-freunde.de\/comm\/wp-json\/wp\/v2\/comments?post=2828"}],"version-history":[{"count":0,"href":"https:\/\/dp-freunde.de\/comm\/wp-json\/wp\/v2\/pages\/2828\/revisions"}],"up":[{"embeddable":true,"href":"https:\/\/dp-freunde.de\/comm\/wp-json\/wp\/v2\/pages\/291"}],"wp:attachment":[{"href":"https:\/\/dp-freunde.de\/comm\/wp-json\/wp\/v2\/media?parent=2828"}],"curies":[{"name":"wp","href":"https:\/\/api.w.org\/{rel}","templated":true}]}}