{"id":3407,"date":"2013-11-27T18:25:14","date_gmt":"2013-11-27T17:25:14","guid":{"rendered":"http:\/\/dp-freunde.de\/comm\/?page_id=3407"},"modified":"2021-04-11T19:24:18","modified_gmt":"2021-04-11T17:24:18","slug":"sachspenden-boxen-packen-wie-geht-das","status":"publish","type":"page","link":"https:\/\/dp-freunde.de\/comm\/helfen-sie\/spenden\/sachspenden-boxen-packen-wie-geht-das\/","title":{"rendered":"Sachspenden: Boxen Packen &#8211; wie geht das?"},"content":{"rendered":"<p>Deutsch-Philippinische Freunde e.V.<\/p>\n<p><strong>Balik Bayan Boxen<br \/>\nSach-und Geldspenden<br \/>\nf\u00fcr das philippinische Volk<\/strong><\/p>\n<p>In der Weltwirtschafts- und Finanzkrise sind unsere Hilfen mit Sachspenden wichtiger denn je. Im Kampf um Gewerkschaftsrechte riskieren unsere Freunde ihren Job und auch ihr Leben. Sie wissen, dass es bei Entlassung kein Streik- oder Arbeitslosengeld gibt, um sich und ihre Familien weiter zu ern\u00e4hren.<br \/>\nDie Deutsch-Philippinischen Freunde e.V. (DPF) und Kapatiran haben neue und vertrauensvolle Verbindungen entwickelt. Bei unserer Hilfe erfahren die Menschen durch unsere Partner, dass es bewusste Spenden sind, die organisiert unter denen und ihren Familien verteilt werden, die sich mutig f\u00fcr eine lebenswerte Zukunft in Opposition zur Regierung stellen.<br \/>\nUnsere Hilfe ist gegenseitig, \u00fcber uns erhalten die Leute auf den Philippinen Informationen \u00fcber Deutschland und umgekehrt &#8211; auch solche wo die Medien schweigen oder Dinge verf\u00e4lscht wieder geben. Sie erfahren dabei, dass es auch in Deutschland Armut und Umweltzerst\u00f6rung gibt und eine Opposition dagegen.<\/p>\n<p>Unsere Hilfe geht konkret an Partner von der k\u00e4mpferischen Opposition in den Philippinen, derzeit schwerpunktm\u00e4\u00dfig als Flut- und Taifunhilfe \u2013 2013 \u00fcber den Frauenverband Gabriela \u2013, aber auch Sachspenden an ein Arbeiterbildungszentrum von Gewerkschaftern der Automobilindustrie in Laguna,in die Cordilleren an unsere Partner vom Bergbau-Sektor und nach Manila an die Gewerkschaft KMU.<\/p>\n<p>Balik Bayan Boxen sind gro\u00dfe Kartons (72x43x56 cm), die man von T\u00fcr zu T\u00fcr in die Philippinen schicken kann.<br \/>\nF\u00fcr uns als Verein kostet eine Box, gewichtsunabh\u00e4ngig, 65.-EUR.<br \/>\nGerne vermitteln wir den Kontakt zu unserem Versender, damit ihr den Vereinsrabatt in Anspruch nehmen k\u00f6nnt.<\/p>\n<p>Tipps und Anleitung zum Versenden bei der Transport-Firma: <a href=\"http:\/\/www.pilipino-business.de\/\">http:\/\/www.pilipino-business.de\/<\/a><\/p>\n<p>Bernhard-Sporer-Stra\u00dfe 21, 74613 \u00d6hringen, Tel.: 07941-9699557, <a class=\"moz-txt-link-abbreviated\" href=\"&#x6d;a&#x69;&#108;&#x74;&#111;&#x3a;&#x77;e&#x6c;&#99;&#x6f;&#109;&#x65;&#64;p&#x69;&#108;&#x69;&#112;&#x69;&#110;o&#x2d;&#98;&#x75;&#115;&#x69;&#110;e&#x73;s&#x2e;&#100;&#x65;\" rel=\"noreferrer\">&#x77;e&#x6c;&#99;&#x6f;&#109;&#x65;&#x40;p&#x69;&#108;&#x69;&#112;&#x69;&#110;o&#x2d;&#98;&#x75;&#115;&#x69;&#110;e&#x73;&#115;&#x2e;&#100;&#x65;<\/a><\/p>\n<p><strong>Lieferadresse Kapatiran:<\/strong><\/p>\n<pre>PASTOR ALAN REY SARTE\r\nPeace for Life Office -- 3rd Floor - UCCP Building\r\nUnited Church of Christ in the Philippines\r\n877 EDSA cor Quezon Ave.\r\nQuezon City\u00a0 PHILIPPINES\r\nTel No\u00a0 +63 951 384 9966<\/pre>\n<p><strong>Liefer-Adresse an die Gesch\u00e4ftsstelle der Cordillera People Alliance:<\/strong><\/p>\n<p>Cordillera Peoples Alliance<br \/>\nMs. Rendilyn Cuyop, PIC staff of CPA<\/p>\n<p>#3 Monsayac Road, Apartment B,<\/p>\n<p>Barangay Phil-Am, Baguio City, Philippines 2600.<\/p>\n<p>Phone +639 393 268 164.<\/p>\n<p>&nbsp;<\/p>\n<p><strong>Als Sachspenden sind m\u00f6glich:<\/strong><\/p>\n<p><span style=\"font-family: Verdana,Sans-Serif;\"><strong>\u00a0<\/strong><\/span><\/p>\n<p><img loading=\"lazy\" decoding=\"async\" class=\"size-full wp-image-6061 alignleft\" src=\"https:\/\/dp-freunde.de\/comm\/wp-content\/uploads\/2019\/12\/file_document_paper_orange_g38091.png\" alt=\"\" width=\"128\" height=\"128\" \/><\/p>\n<p>Medizinische Spenden: Arzneimittel, Verbandszeug, medizinische Instrumente und Ger\u00e4te werden immer gebraucht. Die Arzneimittel\/Verbandszeug\u00a0 sollten jedoch nicht das Verfallsdatum \u00fcberschritten haben oder ge\u00f6ffnet\/benutzt worden sein.<\/p>\n<p>&nbsp;<\/p>\n<p>&nbsp;<\/p>\n<p><img loading=\"lazy\" decoding=\"async\" class=\"size-full wp-image-6054 alignleft\" src=\"https:\/\/dp-freunde.de\/comm\/wp-content\/uploads\/2019\/12\/file_document_paper_orange_g14302.png\" alt=\"\" width=\"128\" height=\"128\" \/><\/p>\n<p>&nbsp;<\/p>\n<p>Computer, Laptops, Drucker und Zubeh\u00f6r: Gerne wird ihr &#8222;veralteteter&#8220; Computer auf den Philippinen wiederverwendet. Bei defekten PCs ist wom\u00f6glich eine Reparatur oder Ausschlachtung m\u00f6glich, dann bitte vorher bei uns anfragen.<\/p>\n<p>&nbsp;<\/p>\n<p>&nbsp;<\/p>\n<p><img loading=\"lazy\" decoding=\"async\" class=\"size-full wp-image-6060 alignleft\" src=\"https:\/\/dp-freunde.de\/comm\/wp-content\/uploads\/2019\/12\/file_document_paper_orange_g19646.png\" alt=\"\" width=\"128\" height=\"128\" \/><\/p>\n<p>Spielzeug: Vorzugsweise nicht-elektronisches Spielzeug (damit nicht durch fehlende Batterien oder Strom eine Benutzung ausgeschlossen ist). Auch saubere Stofftiere\/Handpuppen sind willkommen, solange es sich nicht um Riesen-Stofftiere handelt, die zuviel Paketplatz verbrauchen.<\/p>\n<p>&nbsp;<\/p>\n<p>&nbsp;<\/p>\n<p><img loading=\"lazy\" decoding=\"async\" class=\"size-full wp-image-6049 alignleft\" src=\"https:\/\/dp-freunde.de\/comm\/wp-content\/uploads\/2019\/12\/file_document_paper_orange_g14375.png\" alt=\"\" width=\"128\" height=\"128\" \/><\/p>\n<p>&nbsp;<\/p>\n<p>Hygieneartikel: Insbesondere nach Naturkatastrophen wie St\u00fcrmen oder\u00a0 \u00dcberschwemmungen k\u00f6nnen selbst einfache Hygieneartikel wie Zahnpasta, Seife, Binden usw. eine n\u00fctzliche Spende sein.<\/p>\n<p>&nbsp;<\/p>\n<p>&nbsp;<\/p>\n<p>&nbsp;<\/p>\n<p><img loading=\"lazy\" decoding=\"async\" class=\"size-full wp-image-6050 alignleft\" src=\"https:\/\/dp-freunde.de\/comm\/wp-content\/uploads\/2019\/12\/file_document_paper_orange_g38802.png\" alt=\"\" width=\"128\" height=\"128\" \/><\/p>\n<p>&nbsp;<\/p>\n<p>Schulsachen- und Malsachen: Hefte, Bl\u00f6cke, Stifte und englische (Schul-)B\u00fccher k\u00f6nnen auch gespendet werden. Diese sollten unbenutzt bzw. unbeschriftet sein.<\/p>\n<p>&nbsp;<\/p>\n<p>&nbsp;<\/p>\n<p>&nbsp;<\/p>\n<p><img loading=\"lazy\" decoding=\"async\" class=\"size-full wp-image-6048 alignleft\" src=\"https:\/\/dp-freunde.de\/comm\/wp-content\/uploads\/2019\/12\/file_document_paper_orange_g16069.png\" alt=\"\" width=\"128\" height=\"128\" \/><\/p>\n<p>&nbsp;<\/p>\n<p>Kleiderspenden: Wir ben\u00f6tigen saubere, nicht kaputte Kleidung und Schuhe f\u00fcr Kinder und Erwachsene. Vorzugsweise\u00a0 Kleidung f\u00fcr durchschnittliche oder warme Temperaturen.<\/p>\n<p>&nbsp;<\/p>\n<p>&nbsp;<\/p>\n<p><img loading=\"lazy\" decoding=\"async\" class=\" wp-image-6866 alignleft\" src=\"https:\/\/dp-freunde.de\/comm\/wp-content\/uploads\/2020\/10\/Schuhe.png\" alt=\"\" width=\"142\" height=\"102\" \/><\/p>\n<p><strong>\u00a0<\/strong><\/p>\n<p>Schuhe: Turnschuhe \/ Gummischuhe aller Art<\/p>\n<p>&nbsp;<\/p>\n<p><img loading=\"lazy\" decoding=\"async\" class=\" wp-image-6865 alignleft\" src=\"https:\/\/dp-freunde.de\/comm\/wp-content\/uploads\/2020\/10\/Rucksack.png\" alt=\"\" width=\"139\" height=\"114\" \/>Haushaltsgegenst\u00e4nde: T\u00f6pfe, Bettw\u00e4sche, Regenschirme, Rucks\u00e4cke, etc.<\/p>\n<p>&nbsp;<\/p>\n<p>&nbsp;<\/p>\n<p>&nbsp;<\/p>\n<p><strong>Es wird nur gut Erhaltenes angenommen und versendet. <\/strong>Die Sachspenden sollten sauber und nicht defekt oder zerissen sein, da wir keine Ressourcen haben um aufwendig Sachspenden zu reparieren oder anderweitig zu verkaufen.<\/p>\n<p>Es gibt in Langenfeld, Berlin, Stuttgart, Balingen und einigen anderen St\u00e4dten M\u00f6glichkeiten zur Abgabe von Sachspenden. Beim Vorstand der DPF erhalten Sie Informationen \u00fcber die n\u00e4chstgelegene Packstation.<\/p>\n<p><strong><br \/>\n<\/strong><strong>Geldspenden werden auch ben\u00f6tigt f\u00fcr den Versand der Sachspenden:<\/strong><\/p>\n<p><a href=\"https:\/\/dp-freunde.de\/comm\/helfen-sie\/spenden\/\">https:\/\/dp-freunde.de\/comm\/helfen-sie\/spenden\/<\/a><\/p>\n","protected":false},"excerpt":{"rendered":"<p>Deutsch-Philippinische Freunde e.V. Balik Bayan Boxen Sach-und Geldspenden f\u00fcr das philippinische Volk In der Weltwirtschafts- und Finanzkrise sind unsere Hilfen mit Sachspenden wichtiger denn je. Im Kampf um Gewerkschaftsrechte riskieren unsere Freunde ihren Job und auch ihr Leben. Sie wissen, &hellip;<\/p>\n<p class=\"read-more\"> <a class=\"more-link\" href=\"https:\/\/dp-freunde.de\/comm\/helfen-sie\/spenden\/sachspenden-boxen-packen-wie-geht-das\/\"> <span class=\"screen-reader-text\">Sachspenden: Boxen Packen &#8211; wie geht das?<\/span> Weiterlesen &raquo;<\/a><\/p>\n","protected":false},"author":6,"featured_media":0,"parent":291,"menu_order":0,"comment_status":"closed","ping_status":"open","template":"","meta":{"footnotes":""},"class_list":["post-3407","page","type-page","status-publish","hentry"],"yoast_head":"<!-- This site is optimized with the Yoast SEO plugin v27.5 - https:\/\/yoast.com\/product\/yoast-seo-wordpress\/ -->\n<title>Sachspenden: Boxen Packen - wie geht das? - Deutsch-Philippinische Freunde e.V.<\/title>\n<meta name=\"robots\" content=\"index, follow, max-snippet:-1, max-image-preview:large, max-video-preview:-1\" \/>\n<link rel=\"canonical\" href=\"https:\/\/dp-freunde.de\/comm\/helfen-sie\/spenden\/sachspenden-boxen-packen-wie-geht-das\/\" \/>\n<meta property=\"og:locale\" content=\"de_DE\" \/>\n<meta property=\"og:type\" content=\"article\" \/>\n<meta property=\"og:title\" content=\"Sachspenden: Boxen Packen - wie geht das? - Deutsch-Philippinische Freunde e.V.\" \/>\n<meta property=\"og:description\" content=\"Deutsch-Philippinische Freunde e.V. Balik Bayan Boxen Sach-und Geldspenden f\u00fcr das philippinische Volk In der Weltwirtschafts- und Finanzkrise sind unsere Hilfen mit Sachspenden wichtiger denn je. Im Kampf um Gewerkschaftsrechte riskieren unsere Freunde ihren Job und auch ihr Leben. Sie wissen, &hellip; Sachspenden: Boxen Packen &#8211; wie geht das? Weiterlesen &raquo;\" \/>\n<meta property=\"og:url\" content=\"https:\/\/dp-freunde.de\/comm\/helfen-sie\/spenden\/sachspenden-boxen-packen-wie-geht-das\/\" \/>\n<meta property=\"og:site_name\" content=\"Deutsch-Philippinische Freunde e.V.\" \/>\n<meta property=\"article:modified_time\" content=\"2021-04-11T17:24:18+00:00\" \/>\n<meta property=\"og:image\" content=\"https:\/\/dp-freunde.de\/comm\/wp-content\/uploads\/2019\/12\/file_document_paper_orange_g38091.png\" \/>\n<meta name=\"twitter:card\" content=\"summary_large_image\" \/>\n<meta name=\"twitter:label1\" content=\"Gesch\u00e4tzte Lesezeit\" \/>\n\t<meta name=\"twitter:data1\" content=\"5\u00a0Minuten\" \/>\n<script type=\"application\/ld+json\" class=\"yoast-schema-graph\">{\"@context\":\"https:\\\/\\\/schema.org\",\"@graph\":[{\"@type\":\"WebPage\",\"@id\":\"https:\\\/\\\/dp-freunde.de\\\/comm\\\/helfen-sie\\\/spenden\\\/sachspenden-boxen-packen-wie-geht-das\\\/\",\"url\":\"https:\\\/\\\/dp-freunde.de\\\/comm\\\/helfen-sie\\\/spenden\\\/sachspenden-boxen-packen-wie-geht-das\\\/\",\"name\":\"Sachspenden: Boxen Packen - wie geht das? - Deutsch-Philippinische Freunde e.V.\",\"isPartOf\":{\"@id\":\"https:\\\/\\\/dp-freunde.de\\\/comm\\\/#website\"},\"primaryImageOfPage\":{\"@id\":\"https:\\\/\\\/dp-freunde.de\\\/comm\\\/helfen-sie\\\/spenden\\\/sachspenden-boxen-packen-wie-geht-das\\\/#primaryimage\"},\"image\":{\"@id\":\"https:\\\/\\\/dp-freunde.de\\\/comm\\\/helfen-sie\\\/spenden\\\/sachspenden-boxen-packen-wie-geht-das\\\/#primaryimage\"},\"thumbnailUrl\":\"https:\\\/\\\/dp-freunde.de\\\/comm\\\/wp-content\\\/uploads\\\/2019\\\/12\\\/file_document_paper_orange_g38091.png\",\"datePublished\":\"2013-11-27T17:25:14+00:00\",\"dateModified\":\"2021-04-11T17:24:18+00:00\",\"breadcrumb\":{\"@id\":\"https:\\\/\\\/dp-freunde.de\\\/comm\\\/helfen-sie\\\/spenden\\\/sachspenden-boxen-packen-wie-geht-das\\\/#breadcrumb\"},\"inLanguage\":\"de\",\"potentialAction\":[{\"@type\":\"ReadAction\",\"target\":[\"https:\\\/\\\/dp-freunde.de\\\/comm\\\/helfen-sie\\\/spenden\\\/sachspenden-boxen-packen-wie-geht-das\\\/\"]}]},{\"@type\":\"ImageObject\",\"inLanguage\":\"de\",\"@id\":\"https:\\\/\\\/dp-freunde.de\\\/comm\\\/helfen-sie\\\/spenden\\\/sachspenden-boxen-packen-wie-geht-das\\\/#primaryimage\",\"url\":\"https:\\\/\\\/dp-freunde.de\\\/comm\\\/wp-content\\\/uploads\\\/2019\\\/12\\\/file_document_paper_orange_g38091.png\",\"contentUrl\":\"https:\\\/\\\/dp-freunde.de\\\/comm\\\/wp-content\\\/uploads\\\/2019\\\/12\\\/file_document_paper_orange_g38091.png\",\"width\":128,\"height\":128},{\"@type\":\"BreadcrumbList\",\"@id\":\"https:\\\/\\\/dp-freunde.de\\\/comm\\\/helfen-sie\\\/spenden\\\/sachspenden-boxen-packen-wie-geht-das\\\/#breadcrumb\",\"itemListElement\":[{\"@type\":\"ListItem\",\"position\":1,\"name\":\"Startseite\",\"item\":\"https:\\\/\\\/dp-freunde.de\\\/comm\\\/\"},{\"@type\":\"ListItem\",\"position\":2,\"name\":\"Helfen Sie!\",\"item\":\"https:\\\/\\\/dp-freunde.de\\\/comm\\\/helfen-sie\\\/\"},{\"@type\":\"ListItem\",\"position\":3,\"name\":\"Spenden\",\"item\":\"https:\\\/\\\/dp-freunde.de\\\/comm\\\/helfen-sie\\\/spenden\\\/\"},{\"@type\":\"ListItem\",\"position\":4,\"name\":\"Sachspenden: Boxen Packen &#8211; wie geht das?\"}]},{\"@type\":\"WebSite\",\"@id\":\"https:\\\/\\\/dp-freunde.de\\\/comm\\\/#website\",\"url\":\"https:\\\/\\\/dp-freunde.de\\\/comm\\\/\",\"name\":\"Deutsch-Philippinische Freunde e.V.\",\"description\":\"Solidarische Hilfe bei gegenseitigem Respekt auf Augenh\u00f6he\",\"potentialAction\":[{\"@type\":\"SearchAction\",\"target\":{\"@type\":\"EntryPoint\",\"urlTemplate\":\"https:\\\/\\\/dp-freunde.de\\\/comm\\\/?s={search_term_string}\"},\"query-input\":{\"@type\":\"PropertyValueSpecification\",\"valueRequired\":true,\"valueName\":\"search_term_string\"}}],\"inLanguage\":\"de\"}]}<\/script>\n<!-- \/ Yoast SEO plugin. -->","yoast_head_json":{"title":"Sachspenden: Boxen Packen - wie geht das? - Deutsch-Philippinische Freunde e.V.","robots":{"index":"index","follow":"follow","max-snippet":"max-snippet:-1","max-image-preview":"max-image-preview:large","max-video-preview":"max-video-preview:-1"},"canonical":"https:\/\/dp-freunde.de\/comm\/helfen-sie\/spenden\/sachspenden-boxen-packen-wie-geht-das\/","og_locale":"de_DE","og_type":"article","og_title":"Sachspenden: Boxen Packen - wie geht das? - Deutsch-Philippinische Freunde e.V.","og_description":"Deutsch-Philippinische Freunde e.V. Balik Bayan Boxen Sach-und Geldspenden f\u00fcr das philippinische Volk In der Weltwirtschafts- und Finanzkrise sind unsere Hilfen mit Sachspenden wichtiger denn je. Im Kampf um Gewerkschaftsrechte riskieren unsere Freunde ihren Job und auch ihr Leben. Sie wissen, &hellip; Sachspenden: Boxen Packen &#8211; wie geht das? Weiterlesen &raquo;","og_url":"https:\/\/dp-freunde.de\/comm\/helfen-sie\/spenden\/sachspenden-boxen-packen-wie-geht-das\/","og_site_name":"Deutsch-Philippinische Freunde e.V.","article_modified_time":"2021-04-11T17:24:18+00:00","og_image":[{"url":"https:\/\/dp-freunde.de\/comm\/wp-content\/uploads\/2019\/12\/file_document_paper_orange_g38091.png","type":"","width":"","height":""}],"twitter_card":"summary_large_image","twitter_misc":{"Gesch\u00e4tzte Lesezeit":"5\u00a0Minuten"},"schema":{"@context":"https:\/\/schema.org","@graph":[{"@type":"WebPage","@id":"https:\/\/dp-freunde.de\/comm\/helfen-sie\/spenden\/sachspenden-boxen-packen-wie-geht-das\/","url":"https:\/\/dp-freunde.de\/comm\/helfen-sie\/spenden\/sachspenden-boxen-packen-wie-geht-das\/","name":"Sachspenden: Boxen Packen - wie geht das? - Deutsch-Philippinische Freunde e.V.","isPartOf":{"@id":"https:\/\/dp-freunde.de\/comm\/#website"},"primaryImageOfPage":{"@id":"https:\/\/dp-freunde.de\/comm\/helfen-sie\/spenden\/sachspenden-boxen-packen-wie-geht-das\/#primaryimage"},"image":{"@id":"https:\/\/dp-freunde.de\/comm\/helfen-sie\/spenden\/sachspenden-boxen-packen-wie-geht-das\/#primaryimage"},"thumbnailUrl":"https:\/\/dp-freunde.de\/comm\/wp-content\/uploads\/2019\/12\/file_document_paper_orange_g38091.png","datePublished":"2013-11-27T17:25:14+00:00","dateModified":"2021-04-11T17:24:18+00:00","breadcrumb":{"@id":"https:\/\/dp-freunde.de\/comm\/helfen-sie\/spenden\/sachspenden-boxen-packen-wie-geht-das\/#breadcrumb"},"inLanguage":"de","potentialAction":[{"@type":"ReadAction","target":["https:\/\/dp-freunde.de\/comm\/helfen-sie\/spenden\/sachspenden-boxen-packen-wie-geht-das\/"]}]},{"@type":"ImageObject","inLanguage":"de","@id":"https:\/\/dp-freunde.de\/comm\/helfen-sie\/spenden\/sachspenden-boxen-packen-wie-geht-das\/#primaryimage","url":"https:\/\/dp-freunde.de\/comm\/wp-content\/uploads\/2019\/12\/file_document_paper_orange_g38091.png","contentUrl":"https:\/\/dp-freunde.de\/comm\/wp-content\/uploads\/2019\/12\/file_document_paper_orange_g38091.png","width":128,"height":128},{"@type":"BreadcrumbList","@id":"https:\/\/dp-freunde.de\/comm\/helfen-sie\/spenden\/sachspenden-boxen-packen-wie-geht-das\/#breadcrumb","itemListElement":[{"@type":"ListItem","position":1,"name":"Startseite","item":"https:\/\/dp-freunde.de\/comm\/"},{"@type":"ListItem","position":2,"name":"Helfen Sie!","item":"https:\/\/dp-freunde.de\/comm\/helfen-sie\/"},{"@type":"ListItem","position":3,"name":"Spenden","item":"https:\/\/dp-freunde.de\/comm\/helfen-sie\/spenden\/"},{"@type":"ListItem","position":4,"name":"Sachspenden: Boxen Packen &#8211; wie geht das?"}]},{"@type":"WebSite","@id":"https:\/\/dp-freunde.de\/comm\/#website","url":"https:\/\/dp-freunde.de\/comm\/","name":"Deutsch-Philippinische Freunde e.V.","description":"Solidarische Hilfe bei gegenseitigem Respekt auf Augenh\u00f6he","potentialAction":[{"@type":"SearchAction","target":{"@type":"EntryPoint","urlTemplate":"https:\/\/dp-freunde.de\/comm\/?s={search_term_string}"},"query-input":{"@type":"PropertyValueSpecification","valueRequired":true,"valueName":"search_term_string"}}],"inLanguage":"de"}]}},"_links":{"self":[{"href":"https:\/\/dp-freunde.de\/comm\/wp-json\/wp\/v2\/pages\/3407","targetHints":{"allow":["GET"]}}],"collection":[{"href":"https:\/\/dp-freunde.de\/comm\/wp-json\/wp\/v2\/pages"}],"about":[{"href":"https:\/\/dp-freunde.de\/comm\/wp-json\/wp\/v2\/types\/page"}],"author":[{"embeddable":true,"href":"https:\/\/dp-freunde.de\/comm\/wp-json\/wp\/v2\/users\/6"}],"replies":[{"embeddable":true,"href":"https:\/\/dp-freunde.de\/comm\/wp-json\/wp\/v2\/comments?post=3407"}],"version-history":[{"count":0,"href":"https:\/\/dp-freunde.de\/comm\/wp-json\/wp\/v2\/pages\/3407\/revisions"}],"up":[{"embeddable":true,"href":"https:\/\/dp-freunde.de\/comm\/wp-json\/wp\/v2\/pages\/291"}],"wp:attachment":[{"href":"https:\/\/dp-freunde.de\/comm\/wp-json\/wp\/v2\/media?parent=3407"}],"curies":[{"name":"wp","href":"https:\/\/api.w.org\/{rel}","templated":true}]}}