{"id":58,"date":"2009-06-13T19:22:00","date_gmt":"2009-06-13T17:22:00","guid":{"rendered":"http:\/\/dp-freunde.de\/comm\/?page_id=58"},"modified":"2021-04-11T19:41:35","modified_gmt":"2021-04-11T17:41:35","slug":"gruppen-reisen-auf-die-philippinen","status":"publish","type":"page","link":"https:\/\/dp-freunde.de\/comm\/helfen-sie\/gruppen-reisen-auf-die-philippinen\/","title":{"rendered":"Gruppen-Reisen"},"content":{"rendered":"<p><strong>Austa<\/strong><strong>usch &amp; Zusammenarbeit<\/strong><\/p>\n<figure id=\"attachment_284\" aria-describedby=\"caption-attachment-284\" style=\"width: 300px\" class=\"wp-caption alignleft\"><a href=\"https:\/\/dp-freunde.de\/comm\/wp-content\/uploads\/2009\/06\/Bild-235.jpg\"><img loading=\"lazy\" decoding=\"async\" class=\"wp-image-284 size-medium\" title=\"Besuch bei der Frauenorgansation Gabriela\" src=\"https:\/\/dp-freunde.de\/comm\/wp-content\/uploads\/2009\/06\/Bild-235-300x224.jpg\" alt=\"Fotos aus People to People Reisen der DPF in die Philippinen\" width=\"300\" height=\"224\" srcset=\"https:\/\/dp-freunde.de\/comm\/wp-content\/uploads\/2009\/06\/Bild-235-300x224.jpg 300w, https:\/\/dp-freunde.de\/comm\/wp-content\/uploads\/2009\/06\/Bild-235-1024x768.jpg 1024w\" sizes=\"auto, (max-width: 300px) 100vw, 300px\" \/><\/a><figcaption id=\"caption-attachment-284\" class=\"wp-caption-text\">Fotos aus People to People Reisen der DPF in die Philippinen<\/figcaption><\/figure>\n<p><strong>Aktuell k\u00f6nnen Reisen in die Philippinen wegen der politischen Unterdr\u00fcckung dort und Corona nicht statt finden. (Stand April 2021)<br \/>\n<\/strong><\/p>\n<p>Der Verein Deutsch-Philippinische Freunde e.V. &#8211; f\u00f6rdert die V\u00f6lkerfreundschaft zwischen dem deutschen und dem philippinischen Volk. &#8211; f\u00f6rdert den Erfahrungsaustausch und die Zusammenarbeit mit der philippinischen Gewerkschafts-, Frauen-, Jugend- und Umweltbewegung und mit anderen demokratischen Bewegungen und Initiativen auf den Philippinen. &#8211; unterst\u00fctzt allseitig die Volksk\u00e4mpfe f\u00fcr Unabh\u00e4ngigkeit und Demokratie auf den Philippinen.\u00a0 Eine besonders gute Chance zum Kennenlernen der Menschen; ihrem Leben und Kampf; der gesellschaftlichen Perspektiven der Selbstorganisationen und vielem mehr bietet eine Informationsreise.<\/p>\n<p>&nbsp;<\/p>\n<p>&nbsp;<\/p>\n<p>&nbsp;<\/p>\n<p><img loading=\"lazy\" decoding=\"async\" class=\"size-full wp-image-6037 alignleft\" src=\"https:\/\/dp-freunde.de\/comm\/wp-content\/uploads\/2019\/12\/file_document_paper_orange_g14339.png\" alt=\"\" width=\"128\" height=\"128\" \/>Bei der Organisierung von Reisen zum Erfahrungs- und Kulturaustausch vor Ort sind wir gerne behilflich.<\/p>\n<p>Auf den Philippinen ist das Bild von einem reichen Deutschland vorherrschend. Dass es Arbeitslosigkeit gibt, scheint fast unm\u00f6glich. Zum Erfahrungsaustausch und gegenseitiger Information tragen wir mit Berichten von den realen Lebens- und Arbeitsbedingungen in Deutschland<\/p>\n<p><a href=\"https:\/\/dp-freunde.de\/comm\/wp-content\/uploads\/2009\/11\/Reisetagebach_komplett.pdf\">Hier ist das Reisetagebuch unserer philippinischen G\u00e4ste, die im Herbst 2009 hier in Deutschland waren.<\/a><\/p>\n<p>&nbsp;<\/p>\n<p>&nbsp;<\/p>\n<p>&nbsp;<\/p>\n<p>&nbsp;<\/p>\n<p>&nbsp;<\/p>\n","protected":false},"excerpt":{"rendered":"<p>Austausch &amp; Zusammenarbeit Aktuell k\u00f6nnen Reisen in die Philippinen wegen der politischen Unterdr\u00fcckung dort und Corona nicht statt finden. (Stand April 2021) Der Verein Deutsch-Philippinische Freunde e.V. &#8211; f\u00f6rdert die V\u00f6lkerfreundschaft zwischen dem deutschen und dem philippinischen Volk. &#8211; f\u00f6rdert &hellip;<\/p>\n<p class=\"read-more\"> <a class=\"more-link\" href=\"https:\/\/dp-freunde.de\/comm\/helfen-sie\/gruppen-reisen-auf-die-philippinen\/\"> <span class=\"screen-reader-text\">Gruppen-Reisen<\/span> Weiterlesen &raquo;<\/a><\/p>\n","protected":false},"author":6,"featured_media":0,"parent":1468,"menu_order":4,"comment_status":"closed","ping_status":"closed","template":"","meta":{"footnotes":""},"class_list":["post-58","page","type-page","status-publish","hentry"],"yoast_head":"<!-- This site is optimized with the Yoast SEO plugin v27.4 - https:\/\/yoast.com\/product\/yoast-seo-wordpress\/ -->\n<title>Gruppen-Reisen - Deutsch-Philippinische Freunde e.V.<\/title>\n<meta name=\"robots\" content=\"index, follow, max-snippet:-1, max-image-preview:large, max-video-preview:-1\" \/>\n<link rel=\"canonical\" href=\"https:\/\/dp-freunde.de\/comm\/helfen-sie\/gruppen-reisen-auf-die-philippinen\/\" \/>\n<meta property=\"og:locale\" content=\"de_DE\" \/>\n<meta property=\"og:type\" content=\"article\" \/>\n<meta property=\"og:title\" content=\"Gruppen-Reisen - Deutsch-Philippinische Freunde e.V.\" \/>\n<meta property=\"og:description\" content=\"Austausch &amp; Zusammenarbeit Aktuell k\u00f6nnen Reisen in die Philippinen wegen der politischen Unterdr\u00fcckung dort und Corona nicht statt finden. (Stand April 2021) Der Verein Deutsch-Philippinische Freunde e.V. &#8211; f\u00f6rdert die V\u00f6lkerfreundschaft zwischen dem deutschen und dem philippinischen Volk. &#8211; f\u00f6rdert &hellip; Gruppen-Reisen Weiterlesen &raquo;\" \/>\n<meta property=\"og:url\" content=\"https:\/\/dp-freunde.de\/comm\/helfen-sie\/gruppen-reisen-auf-die-philippinen\/\" \/>\n<meta property=\"og:site_name\" content=\"Deutsch-Philippinische Freunde e.V.\" \/>\n<meta property=\"article:modified_time\" content=\"2021-04-11T17:41:35+00:00\" \/>\n<meta property=\"og:image\" content=\"https:\/\/dp-freunde.de\/comm\/wp-content\/uploads\/2009\/06\/Bild-235-300x224.jpg\" \/>\n<meta name=\"twitter:card\" content=\"summary_large_image\" \/>\n<meta name=\"twitter:label1\" content=\"Gesch\u00e4tzte Lesezeit\" \/>\n\t<meta name=\"twitter:data1\" content=\"2\u00a0Minuten\" \/>\n<script type=\"application\/ld+json\" class=\"yoast-schema-graph\">{\"@context\":\"https:\\\/\\\/schema.org\",\"@graph\":[{\"@type\":\"WebPage\",\"@id\":\"https:\\\/\\\/dp-freunde.de\\\/comm\\\/helfen-sie\\\/gruppen-reisen-auf-die-philippinen\\\/\",\"url\":\"https:\\\/\\\/dp-freunde.de\\\/comm\\\/helfen-sie\\\/gruppen-reisen-auf-die-philippinen\\\/\",\"name\":\"Gruppen-Reisen - Deutsch-Philippinische Freunde e.V.\",\"isPartOf\":{\"@id\":\"https:\\\/\\\/dp-freunde.de\\\/comm\\\/#website\"},\"primaryImageOfPage\":{\"@id\":\"https:\\\/\\\/dp-freunde.de\\\/comm\\\/helfen-sie\\\/gruppen-reisen-auf-die-philippinen\\\/#primaryimage\"},\"image\":{\"@id\":\"https:\\\/\\\/dp-freunde.de\\\/comm\\\/helfen-sie\\\/gruppen-reisen-auf-die-philippinen\\\/#primaryimage\"},\"thumbnailUrl\":\"https:\\\/\\\/dp-freunde.de\\\/comm\\\/wp-content\\\/uploads\\\/2009\\\/06\\\/Bild-235-300x224.jpg\",\"datePublished\":\"2009-06-13T17:22:00+00:00\",\"dateModified\":\"2021-04-11T17:41:35+00:00\",\"breadcrumb\":{\"@id\":\"https:\\\/\\\/dp-freunde.de\\\/comm\\\/helfen-sie\\\/gruppen-reisen-auf-die-philippinen\\\/#breadcrumb\"},\"inLanguage\":\"de\",\"potentialAction\":[{\"@type\":\"ReadAction\",\"target\":[\"https:\\\/\\\/dp-freunde.de\\\/comm\\\/helfen-sie\\\/gruppen-reisen-auf-die-philippinen\\\/\"]}]},{\"@type\":\"ImageObject\",\"inLanguage\":\"de\",\"@id\":\"https:\\\/\\\/dp-freunde.de\\\/comm\\\/helfen-sie\\\/gruppen-reisen-auf-die-philippinen\\\/#primaryimage\",\"url\":\"https:\\\/\\\/dp-freunde.de\\\/comm\\\/wp-content\\\/uploads\\\/2009\\\/06\\\/Bild-235.jpg\",\"contentUrl\":\"https:\\\/\\\/dp-freunde.de\\\/comm\\\/wp-content\\\/uploads\\\/2009\\\/06\\\/Bild-235.jpg\",\"width\":\"2272\",\"height\":\"1704\"},{\"@type\":\"BreadcrumbList\",\"@id\":\"https:\\\/\\\/dp-freunde.de\\\/comm\\\/helfen-sie\\\/gruppen-reisen-auf-die-philippinen\\\/#breadcrumb\",\"itemListElement\":[{\"@type\":\"ListItem\",\"position\":1,\"name\":\"Startseite\",\"item\":\"https:\\\/\\\/dp-freunde.de\\\/comm\\\/\"},{\"@type\":\"ListItem\",\"position\":2,\"name\":\"Helfen Sie!\",\"item\":\"https:\\\/\\\/dp-freunde.de\\\/comm\\\/helfen-sie\\\/\"},{\"@type\":\"ListItem\",\"position\":3,\"name\":\"Gruppen-Reisen\"}]},{\"@type\":\"WebSite\",\"@id\":\"https:\\\/\\\/dp-freunde.de\\\/comm\\\/#website\",\"url\":\"https:\\\/\\\/dp-freunde.de\\\/comm\\\/\",\"name\":\"Deutsch-Philippinische Freunde e.V.\",\"description\":\"Solidarische Hilfe bei gegenseitigem Respekt auf Augenh\u00f6he\",\"potentialAction\":[{\"@type\":\"SearchAction\",\"target\":{\"@type\":\"EntryPoint\",\"urlTemplate\":\"https:\\\/\\\/dp-freunde.de\\\/comm\\\/?s={search_term_string}\"},\"query-input\":{\"@type\":\"PropertyValueSpecification\",\"valueRequired\":true,\"valueName\":\"search_term_string\"}}],\"inLanguage\":\"de\"}]}<\/script>\n<!-- \/ Yoast SEO plugin. -->","yoast_head_json":{"title":"Gruppen-Reisen - Deutsch-Philippinische Freunde e.V.","robots":{"index":"index","follow":"follow","max-snippet":"max-snippet:-1","max-image-preview":"max-image-preview:large","max-video-preview":"max-video-preview:-1"},"canonical":"https:\/\/dp-freunde.de\/comm\/helfen-sie\/gruppen-reisen-auf-die-philippinen\/","og_locale":"de_DE","og_type":"article","og_title":"Gruppen-Reisen - Deutsch-Philippinische Freunde e.V.","og_description":"Austausch &amp; Zusammenarbeit Aktuell k\u00f6nnen Reisen in die Philippinen wegen der politischen Unterdr\u00fcckung dort und Corona nicht statt finden. (Stand April 2021) Der Verein Deutsch-Philippinische Freunde e.V. &#8211; f\u00f6rdert die V\u00f6lkerfreundschaft zwischen dem deutschen und dem philippinischen Volk. &#8211; f\u00f6rdert &hellip; Gruppen-Reisen Weiterlesen &raquo;","og_url":"https:\/\/dp-freunde.de\/comm\/helfen-sie\/gruppen-reisen-auf-die-philippinen\/","og_site_name":"Deutsch-Philippinische Freunde e.V.","article_modified_time":"2021-04-11T17:41:35+00:00","og_image":[{"url":"https:\/\/dp-freunde.de\/comm\/wp-content\/uploads\/2009\/06\/Bild-235-300x224.jpg","type":"","width":"","height":""}],"twitter_card":"summary_large_image","twitter_misc":{"Gesch\u00e4tzte Lesezeit":"2\u00a0Minuten"},"schema":{"@context":"https:\/\/schema.org","@graph":[{"@type":"WebPage","@id":"https:\/\/dp-freunde.de\/comm\/helfen-sie\/gruppen-reisen-auf-die-philippinen\/","url":"https:\/\/dp-freunde.de\/comm\/helfen-sie\/gruppen-reisen-auf-die-philippinen\/","name":"Gruppen-Reisen - Deutsch-Philippinische Freunde e.V.","isPartOf":{"@id":"https:\/\/dp-freunde.de\/comm\/#website"},"primaryImageOfPage":{"@id":"https:\/\/dp-freunde.de\/comm\/helfen-sie\/gruppen-reisen-auf-die-philippinen\/#primaryimage"},"image":{"@id":"https:\/\/dp-freunde.de\/comm\/helfen-sie\/gruppen-reisen-auf-die-philippinen\/#primaryimage"},"thumbnailUrl":"https:\/\/dp-freunde.de\/comm\/wp-content\/uploads\/2009\/06\/Bild-235-300x224.jpg","datePublished":"2009-06-13T17:22:00+00:00","dateModified":"2021-04-11T17:41:35+00:00","breadcrumb":{"@id":"https:\/\/dp-freunde.de\/comm\/helfen-sie\/gruppen-reisen-auf-die-philippinen\/#breadcrumb"},"inLanguage":"de","potentialAction":[{"@type":"ReadAction","target":["https:\/\/dp-freunde.de\/comm\/helfen-sie\/gruppen-reisen-auf-die-philippinen\/"]}]},{"@type":"ImageObject","inLanguage":"de","@id":"https:\/\/dp-freunde.de\/comm\/helfen-sie\/gruppen-reisen-auf-die-philippinen\/#primaryimage","url":"https:\/\/dp-freunde.de\/comm\/wp-content\/uploads\/2009\/06\/Bild-235.jpg","contentUrl":"https:\/\/dp-freunde.de\/comm\/wp-content\/uploads\/2009\/06\/Bild-235.jpg","width":"2272","height":"1704"},{"@type":"BreadcrumbList","@id":"https:\/\/dp-freunde.de\/comm\/helfen-sie\/gruppen-reisen-auf-die-philippinen\/#breadcrumb","itemListElement":[{"@type":"ListItem","position":1,"name":"Startseite","item":"https:\/\/dp-freunde.de\/comm\/"},{"@type":"ListItem","position":2,"name":"Helfen Sie!","item":"https:\/\/dp-freunde.de\/comm\/helfen-sie\/"},{"@type":"ListItem","position":3,"name":"Gruppen-Reisen"}]},{"@type":"WebSite","@id":"https:\/\/dp-freunde.de\/comm\/#website","url":"https:\/\/dp-freunde.de\/comm\/","name":"Deutsch-Philippinische Freunde e.V.","description":"Solidarische Hilfe bei gegenseitigem Respekt auf Augenh\u00f6he","potentialAction":[{"@type":"SearchAction","target":{"@type":"EntryPoint","urlTemplate":"https:\/\/dp-freunde.de\/comm\/?s={search_term_string}"},"query-input":{"@type":"PropertyValueSpecification","valueRequired":true,"valueName":"search_term_string"}}],"inLanguage":"de"}]}},"_links":{"self":[{"href":"https:\/\/dp-freunde.de\/comm\/wp-json\/wp\/v2\/pages\/58","targetHints":{"allow":["GET"]}}],"collection":[{"href":"https:\/\/dp-freunde.de\/comm\/wp-json\/wp\/v2\/pages"}],"about":[{"href":"https:\/\/dp-freunde.de\/comm\/wp-json\/wp\/v2\/types\/page"}],"author":[{"embeddable":true,"href":"https:\/\/dp-freunde.de\/comm\/wp-json\/wp\/v2\/users\/6"}],"replies":[{"embeddable":true,"href":"https:\/\/dp-freunde.de\/comm\/wp-json\/wp\/v2\/comments?post=58"}],"version-history":[{"count":0,"href":"https:\/\/dp-freunde.de\/comm\/wp-json\/wp\/v2\/pages\/58\/revisions"}],"up":[{"embeddable":true,"href":"https:\/\/dp-freunde.de\/comm\/wp-json\/wp\/v2\/pages\/1468"}],"wp:attachment":[{"href":"https:\/\/dp-freunde.de\/comm\/wp-json\/wp\/v2\/media?parent=58"}],"curies":[{"name":"wp","href":"https:\/\/api.w.org\/{rel}","templated":true}]}}