{"id":63,"date":"2009-06-13T19:24:27","date_gmt":"2009-06-13T17:24:27","guid":{"rendered":"http:\/\/dp-freunde.de\/comm\/?page_id=63"},"modified":"2022-07-10T12:09:07","modified_gmt":"2022-07-10T10:09:07","slug":"patenschaften","status":"publish","type":"page","link":"https:\/\/dp-freunde.de\/comm\/helfen-sie\/patenschaften\/","title":{"rendered":"Patenschaften"},"content":{"rendered":"<div><img loading=\"lazy\" decoding=\"async\" class=\"size-full wp-image-6040 alignleft\" src=\"https:\/\/dp-freunde.de\/comm\/wp-content\/uploads\/2019\/12\/file_document_paper_orange_g16091.png\" alt=\"\" width=\"128\" height=\"128\" \/><\/div>\n<div><\/div>\n<div>Unser Freundschaftsverein hat sich das Ziel gesetzt, echte Freundschaften zu f\u00f6rdern. Darunter verstehen wir auch gemeinsam zu feiern und ein kulturelles Leben zu entwickeln. Aber auch praktische Lebenshilfe zu leisten gehoert dazu. In Situationen, in denen einen das Leben b\u00f6se beutelt \u2013 sei es durch Krankheit oder Tod \u2013 ist es f\u00fcr uns selbstverst\u00e4ndlich materiellen und seelischen Beistand zu leisten.<\/div>\n<div>\n<p>Bei den St\u00fcrmen werden durch die Regenfluten meterhohe Schlammlawinen \u00fcber Siedlungen und Felder gesp\u00fclt. F\u00fcr den Profit holzen vor allem japanische Holzkonzerne den Wald auf den Philippinen ab, der fr\u00fcher tropische Regenfluten aufsaugte.<\/p>\n<p>Die betroffenen Familien brauchen neben Sachspenden auch finanzielle Unterst\u00fctzung zur Wiederbeschaffung von Haushalts- und Arbeitsger\u00e4ten. Der DPF hilft.<\/p>\n<\/div>\n<div>Einige der bisherigen Aktivit\u00e4ten:<\/div>\n<div><\/div>\n<div>\n<p>***<\/p>\n<p>Unterst\u00fctzt politische Gefangene mit Brieffreundschaften *** die Liste wird aktuell \u00fcberarbeitet ***<\/p>\n<p>Teilt uns mit, wem ihr schreiben wollt. Ihr k\u00f6nnt uns einen Papier-Brief oder auch eine E-Mail zum Drucken schicken.<\/p>\n<p>Wir werden eure Briefe dann weiterleiten. Hinterher kann ggf. auch direkt die Korrespondenz an das Gef\u00e4ngnis geschickt werden, wenn gew\u00fcnscht.<\/p>\n<\/div>\n","protected":false},"excerpt":{"rendered":"<p>Unser Freundschaftsverein hat sich das Ziel gesetzt, echte Freundschaften zu f\u00f6rdern. Darunter verstehen wir auch gemeinsam zu feiern und ein kulturelles Leben zu entwickeln. Aber auch praktische Lebenshilfe zu leisten gehoert dazu. In Situationen, in denen einen das Leben b\u00f6se &hellip;<\/p>\n<p class=\"read-more\"> <a class=\"more-link\" href=\"https:\/\/dp-freunde.de\/comm\/helfen-sie\/patenschaften\/\"> <span class=\"screen-reader-text\">Patenschaften<\/span> Weiterlesen &raquo;<\/a><\/p>\n","protected":false},"author":6,"featured_media":0,"parent":1468,"menu_order":3,"comment_status":"closed","ping_status":"closed","template":"","meta":{"footnotes":""},"class_list":["post-63","page","type-page","status-publish","hentry"],"yoast_head":"<!-- This site is optimized with the Yoast SEO plugin v27.4 - https:\/\/yoast.com\/product\/yoast-seo-wordpress\/ -->\n<title>Patenschaften - Deutsch-Philippinische Freunde e.V.<\/title>\n<meta name=\"robots\" content=\"index, follow, max-snippet:-1, max-image-preview:large, max-video-preview:-1\" \/>\n<link rel=\"canonical\" href=\"https:\/\/dp-freunde.de\/comm\/helfen-sie\/patenschaften\/\" \/>\n<meta property=\"og:locale\" content=\"de_DE\" \/>\n<meta property=\"og:type\" content=\"article\" \/>\n<meta property=\"og:title\" content=\"Patenschaften - Deutsch-Philippinische Freunde e.V.\" \/>\n<meta property=\"og:description\" content=\"Unser Freundschaftsverein hat sich das Ziel gesetzt, echte Freundschaften zu f\u00f6rdern. Darunter verstehen wir auch gemeinsam zu feiern und ein kulturelles Leben zu entwickeln. Aber auch praktische Lebenshilfe zu leisten gehoert dazu. In Situationen, in denen einen das Leben b\u00f6se &hellip; Patenschaften Weiterlesen &raquo;\" \/>\n<meta property=\"og:url\" content=\"https:\/\/dp-freunde.de\/comm\/helfen-sie\/patenschaften\/\" \/>\n<meta property=\"og:site_name\" content=\"Deutsch-Philippinische Freunde e.V.\" \/>\n<meta property=\"article:modified_time\" content=\"2022-07-10T10:09:07+00:00\" \/>\n<meta property=\"og:image\" content=\"https:\/\/dp-freunde.de\/comm\/wp-content\/uploads\/2019\/12\/file_document_paper_orange_g16091.png\" \/>\n<meta name=\"twitter:card\" content=\"summary_large_image\" \/>\n<meta name=\"twitter:label1\" content=\"Gesch\u00e4tzte Lesezeit\" \/>\n\t<meta name=\"twitter:data1\" content=\"2\u00a0Minuten\" \/>\n<script type=\"application\/ld+json\" class=\"yoast-schema-graph\">{\"@context\":\"https:\\\/\\\/schema.org\",\"@graph\":[{\"@type\":\"WebPage\",\"@id\":\"https:\\\/\\\/dp-freunde.de\\\/comm\\\/helfen-sie\\\/patenschaften\\\/\",\"url\":\"https:\\\/\\\/dp-freunde.de\\\/comm\\\/helfen-sie\\\/patenschaften\\\/\",\"name\":\"Patenschaften - Deutsch-Philippinische Freunde e.V.\",\"isPartOf\":{\"@id\":\"https:\\\/\\\/dp-freunde.de\\\/comm\\\/#website\"},\"primaryImageOfPage\":{\"@id\":\"https:\\\/\\\/dp-freunde.de\\\/comm\\\/helfen-sie\\\/patenschaften\\\/#primaryimage\"},\"image\":{\"@id\":\"https:\\\/\\\/dp-freunde.de\\\/comm\\\/helfen-sie\\\/patenschaften\\\/#primaryimage\"},\"thumbnailUrl\":\"https:\\\/\\\/dp-freunde.de\\\/comm\\\/wp-content\\\/uploads\\\/2019\\\/12\\\/file_document_paper_orange_g16091.png\",\"datePublished\":\"2009-06-13T17:24:27+00:00\",\"dateModified\":\"2022-07-10T10:09:07+00:00\",\"breadcrumb\":{\"@id\":\"https:\\\/\\\/dp-freunde.de\\\/comm\\\/helfen-sie\\\/patenschaften\\\/#breadcrumb\"},\"inLanguage\":\"de\",\"potentialAction\":[{\"@type\":\"ReadAction\",\"target\":[\"https:\\\/\\\/dp-freunde.de\\\/comm\\\/helfen-sie\\\/patenschaften\\\/\"]}]},{\"@type\":\"ImageObject\",\"inLanguage\":\"de\",\"@id\":\"https:\\\/\\\/dp-freunde.de\\\/comm\\\/helfen-sie\\\/patenschaften\\\/#primaryimage\",\"url\":\"https:\\\/\\\/dp-freunde.de\\\/comm\\\/wp-content\\\/uploads\\\/2019\\\/12\\\/file_document_paper_orange_g16091.png\",\"contentUrl\":\"https:\\\/\\\/dp-freunde.de\\\/comm\\\/wp-content\\\/uploads\\\/2019\\\/12\\\/file_document_paper_orange_g16091.png\",\"width\":128,\"height\":128},{\"@type\":\"BreadcrumbList\",\"@id\":\"https:\\\/\\\/dp-freunde.de\\\/comm\\\/helfen-sie\\\/patenschaften\\\/#breadcrumb\",\"itemListElement\":[{\"@type\":\"ListItem\",\"position\":1,\"name\":\"Startseite\",\"item\":\"https:\\\/\\\/dp-freunde.de\\\/comm\\\/\"},{\"@type\":\"ListItem\",\"position\":2,\"name\":\"Helfen Sie!\",\"item\":\"https:\\\/\\\/dp-freunde.de\\\/comm\\\/helfen-sie\\\/\"},{\"@type\":\"ListItem\",\"position\":3,\"name\":\"Patenschaften\"}]},{\"@type\":\"WebSite\",\"@id\":\"https:\\\/\\\/dp-freunde.de\\\/comm\\\/#website\",\"url\":\"https:\\\/\\\/dp-freunde.de\\\/comm\\\/\",\"name\":\"Deutsch-Philippinische Freunde e.V.\",\"description\":\"Solidarische Hilfe bei gegenseitigem Respekt auf Augenh\u00f6he\",\"potentialAction\":[{\"@type\":\"SearchAction\",\"target\":{\"@type\":\"EntryPoint\",\"urlTemplate\":\"https:\\\/\\\/dp-freunde.de\\\/comm\\\/?s={search_term_string}\"},\"query-input\":{\"@type\":\"PropertyValueSpecification\",\"valueRequired\":true,\"valueName\":\"search_term_string\"}}],\"inLanguage\":\"de\"}]}<\/script>\n<!-- \/ Yoast SEO plugin. -->","yoast_head_json":{"title":"Patenschaften - Deutsch-Philippinische Freunde e.V.","robots":{"index":"index","follow":"follow","max-snippet":"max-snippet:-1","max-image-preview":"max-image-preview:large","max-video-preview":"max-video-preview:-1"},"canonical":"https:\/\/dp-freunde.de\/comm\/helfen-sie\/patenschaften\/","og_locale":"de_DE","og_type":"article","og_title":"Patenschaften - Deutsch-Philippinische Freunde e.V.","og_description":"Unser Freundschaftsverein hat sich das Ziel gesetzt, echte Freundschaften zu f\u00f6rdern. Darunter verstehen wir auch gemeinsam zu feiern und ein kulturelles Leben zu entwickeln. Aber auch praktische Lebenshilfe zu leisten gehoert dazu. In Situationen, in denen einen das Leben b\u00f6se &hellip; Patenschaften Weiterlesen &raquo;","og_url":"https:\/\/dp-freunde.de\/comm\/helfen-sie\/patenschaften\/","og_site_name":"Deutsch-Philippinische Freunde e.V.","article_modified_time":"2022-07-10T10:09:07+00:00","og_image":[{"url":"https:\/\/dp-freunde.de\/comm\/wp-content\/uploads\/2019\/12\/file_document_paper_orange_g16091.png","type":"","width":"","height":""}],"twitter_card":"summary_large_image","twitter_misc":{"Gesch\u00e4tzte Lesezeit":"2\u00a0Minuten"},"schema":{"@context":"https:\/\/schema.org","@graph":[{"@type":"WebPage","@id":"https:\/\/dp-freunde.de\/comm\/helfen-sie\/patenschaften\/","url":"https:\/\/dp-freunde.de\/comm\/helfen-sie\/patenschaften\/","name":"Patenschaften - Deutsch-Philippinische Freunde e.V.","isPartOf":{"@id":"https:\/\/dp-freunde.de\/comm\/#website"},"primaryImageOfPage":{"@id":"https:\/\/dp-freunde.de\/comm\/helfen-sie\/patenschaften\/#primaryimage"},"image":{"@id":"https:\/\/dp-freunde.de\/comm\/helfen-sie\/patenschaften\/#primaryimage"},"thumbnailUrl":"https:\/\/dp-freunde.de\/comm\/wp-content\/uploads\/2019\/12\/file_document_paper_orange_g16091.png","datePublished":"2009-06-13T17:24:27+00:00","dateModified":"2022-07-10T10:09:07+00:00","breadcrumb":{"@id":"https:\/\/dp-freunde.de\/comm\/helfen-sie\/patenschaften\/#breadcrumb"},"inLanguage":"de","potentialAction":[{"@type":"ReadAction","target":["https:\/\/dp-freunde.de\/comm\/helfen-sie\/patenschaften\/"]}]},{"@type":"ImageObject","inLanguage":"de","@id":"https:\/\/dp-freunde.de\/comm\/helfen-sie\/patenschaften\/#primaryimage","url":"https:\/\/dp-freunde.de\/comm\/wp-content\/uploads\/2019\/12\/file_document_paper_orange_g16091.png","contentUrl":"https:\/\/dp-freunde.de\/comm\/wp-content\/uploads\/2019\/12\/file_document_paper_orange_g16091.png","width":128,"height":128},{"@type":"BreadcrumbList","@id":"https:\/\/dp-freunde.de\/comm\/helfen-sie\/patenschaften\/#breadcrumb","itemListElement":[{"@type":"ListItem","position":1,"name":"Startseite","item":"https:\/\/dp-freunde.de\/comm\/"},{"@type":"ListItem","position":2,"name":"Helfen Sie!","item":"https:\/\/dp-freunde.de\/comm\/helfen-sie\/"},{"@type":"ListItem","position":3,"name":"Patenschaften"}]},{"@type":"WebSite","@id":"https:\/\/dp-freunde.de\/comm\/#website","url":"https:\/\/dp-freunde.de\/comm\/","name":"Deutsch-Philippinische Freunde e.V.","description":"Solidarische Hilfe bei gegenseitigem Respekt auf Augenh\u00f6he","potentialAction":[{"@type":"SearchAction","target":{"@type":"EntryPoint","urlTemplate":"https:\/\/dp-freunde.de\/comm\/?s={search_term_string}"},"query-input":{"@type":"PropertyValueSpecification","valueRequired":true,"valueName":"search_term_string"}}],"inLanguage":"de"}]}},"_links":{"self":[{"href":"https:\/\/dp-freunde.de\/comm\/wp-json\/wp\/v2\/pages\/63","targetHints":{"allow":["GET"]}}],"collection":[{"href":"https:\/\/dp-freunde.de\/comm\/wp-json\/wp\/v2\/pages"}],"about":[{"href":"https:\/\/dp-freunde.de\/comm\/wp-json\/wp\/v2\/types\/page"}],"author":[{"embeddable":true,"href":"https:\/\/dp-freunde.de\/comm\/wp-json\/wp\/v2\/users\/6"}],"replies":[{"embeddable":true,"href":"https:\/\/dp-freunde.de\/comm\/wp-json\/wp\/v2\/comments?post=63"}],"version-history":[{"count":0,"href":"https:\/\/dp-freunde.de\/comm\/wp-json\/wp\/v2\/pages\/63\/revisions"}],"up":[{"embeddable":true,"href":"https:\/\/dp-freunde.de\/comm\/wp-json\/wp\/v2\/pages\/1468"}],"wp:attachment":[{"href":"https:\/\/dp-freunde.de\/comm\/wp-json\/wp\/v2\/media?parent=63"}],"curies":[{"name":"wp","href":"https:\/\/api.w.org\/{rel}","templated":true}]}}